{"id":4292,"date":"2024-04-22T17:14:54","date_gmt":"2024-04-22T14:14:54","guid":{"rendered":"https:\/\/kipta.org\/product\/sposarsi-con-lisis-perche-hanno-fatto-questa-scelta\/"},"modified":"2024-04-22T17:14:54","modified_gmt":"2024-04-22T14:14:54","slug":"sposarsi-con-lisis-perche-hanno-fatto-questa-scelta","status":"publish","type":"product","link":"https:\/\/kipta.org\/it\/prodotto\/sposarsi-con-lisis-perche-hanno-fatto-questa-scelta\/","title":{"rendered":"Sposarsi con l&#8217;ISIS: perch\u00e9 hanno fatto questa scelta?"},"content":{"rendered":"<p>Il passato di queste donne \u00e8 legato a una sessualit\u00e0 profondamente repressa e condannata. La dura scelta di sottomettersi alla volont\u00e0 di Dio permette loro di soffocare la sofferenza morale e il cronico senso di colpa. Ma molte di queste donne radicalizzate hanno subito abusi sessuali da parte dei loro cari. Il caos provocato dal loro trauma le ha portate a trovare l&#8217;ordine giusto e religioso nel controllo religioso. Confuse dai propri desideri e terrorizzate dall&#8217;attrazione erotica suscitata da un incontro spontaneo con la passione attraverso un affascinante uomo apparso improvvisamente sul loro telefono o computer per trascinarle in un mondo ideale, il mondo dell\u2019ISIS\u2026<\/p>\n","protected":false},"excerpt":{"rendered":"<p><strong>Durata:<\/strong> 1 ora<br \/>\n<strong>Lingua:<\/strong> russa<\/p>\n<p>Il passato di queste donne \u00e8 legato a una sessualit\u00e0 profondamente repressa e condannata. La dura scelta di sottomettersi alla volont\u00e0 di Dio permette loro di soffocare la sofferenza morale e il cronico senso di colpa. Ma molte di queste donne radicalizzate hanno subito abusi sessuali da parte dei loro cari. Il caos provocato dal loro trauma le ha portate a trovare l&#8217;ordine giusto e religioso nel controllo religioso.<\/p>\n","protected":false},"featured_media":4293,"comment_status":"open","ping_status":"closed","template":"","meta":{"_jet_sm_ready_style":"","_jet_sm_style":"","_jet_sm_controls_values":"","_jet_sm_fonts_collection":"","_jet_sm_fonts_links":""},"product_brand":[],"product_cat":[775,772,823,780,824,789,769,770,799,790,768,791,793,795,818,798,802,782,808,781,811,813,814,820,821,801,766,797],"product_tag":[],"class_list":{"0":"post-4292","1":"product","2":"type-product","3":"status-publish","4":"has-post-thumbnail","6":"product_cat-aggressione","7":"product_cat-alterita","8":"product_cat-corpo","9":"product_cat-dio","10":"product_cat-fantasma","11":"product_cat-femminilita","12":"product_cat-identificazione","13":"product_cat-identita","14":"product_cat-inconscio","15":"product_cat-inconscio-collettivo","16":"product_cat-io-ideale","17":"product_cat-masochismo","18":"product_cat-maternita","19":"product_cat-meccanismi-di-difesa","20":"product_cat-paura","21":"product_cat-piacere","22":"product_cat-poligamia","23":"product_cat-potere","24":"product_cat-psicopatologia","25":"product_cat-rimozione","26":"product_cat-sacralita","27":"product_cat-sessualita","28":"product_cat-sintomo","29":"product_cat-terrorismo","30":"product_cat-trauma-it","31":"product_cat-umilta","32":"product_cat-videocorsi-it","33":"product_cat-violenza","35":"first","36":"instock","37":"virtual","38":"purchasable","39":"product-type-simple"},"yoast_head":"<!-- This site is optimized with the Yoast SEO plugin v27.4 - https:\/\/yoast.com\/product\/yoast-seo-wordpress\/ -->\n<title>Sposarsi con l&#039;ISIS: perch\u00e9 hanno fatto questa scelta? - \u041a\u041c\u0410\u041f\u041f<\/title>\n<meta name=\"robots\" content=\"index, follow, max-snippet:-1, max-image-preview:large, max-video-preview:-1\" \/>\n<link rel=\"canonical\" href=\"https:\/\/kipta.org\/it\/prodotto\/sposarsi-con-lisis-perche-hanno-fatto-questa-scelta\/\" \/>\n<meta property=\"og:locale\" content=\"it_IT\" \/>\n<meta property=\"og:type\" content=\"article\" \/>\n<meta property=\"og:title\" content=\"Sposarsi con l&#039;ISIS: perch\u00e9 hanno fatto questa scelta? - \u041a\u041c\u0410\u041f\u041f\" \/>\n<meta property=\"og:description\" content=\"Durata: 1 ora Lingua: russa Il passato di queste donne \u00e8 legato a una sessualit\u00e0 profondamente repressa e condannata. La dura scelta di sottomettersi alla volont\u00e0 di Dio permette loro di soffocare la sofferenza morale e il cronico senso di colpa. Ma molte di queste donne radicalizzate hanno subito abusi sessuali da parte dei loro cari. Il caos provocato dal loro trauma le ha portate a trovare l&#039;ordine giusto e religioso nel controllo religioso.\" \/>\n<meta property=\"og:url\" content=\"https:\/\/kipta.org\/it\/prodotto\/sposarsi-con-lisis-perche-hanno-fatto-questa-scelta\/\" \/>\n<meta property=\"og:site_name\" content=\"\u041a\u041c\u0410\u041f\u041f\" \/>\n<meta property=\"article:publisher\" content=\"https:\/\/www.facebook.com\/psychoanalystyanakorobko\" \/>\n<meta property=\"og:image\" content=\"https:\/\/kipta.org\/wp-content\/uploads\/2024\/07\/to-marry-isis.webp\" \/>\n\t<meta property=\"og:image:width\" content=\"1280\" \/>\n\t<meta property=\"og:image:height\" content=\"720\" \/>\n\t<meta property=\"og:image:type\" content=\"image\/webp\" \/>\n<meta name=\"twitter:card\" content=\"summary_large_image\" \/>\n<meta name=\"twitter:label1\" content=\"Tempo di lettura stimato\" \/>\n\t<meta name=\"twitter:data1\" content=\"1 minuto\" \/>\n<script type=\"application\/ld+json\" class=\"yoast-schema-graph\">{\"@context\":\"https:\\\/\\\/schema.org\",\"@graph\":[{\"@type\":\"WebPage\",\"@id\":\"https:\\\/\\\/kipta.org\\\/it\\\/prodotto\\\/sposarsi-con-lisis-perche-hanno-fatto-questa-scelta\\\/\",\"url\":\"https:\\\/\\\/kipta.org\\\/it\\\/prodotto\\\/sposarsi-con-lisis-perche-hanno-fatto-questa-scelta\\\/\",\"name\":\"Sposarsi con l'ISIS: perch\u00e9 hanno fatto questa scelta? - \u041a\u041c\u0410\u041f\u041f\",\"isPartOf\":{\"@id\":\"https:\\\/\\\/kipta.org\\\/it\\\/#website\"},\"primaryImageOfPage\":{\"@id\":\"https:\\\/\\\/kipta.org\\\/it\\\/prodotto\\\/sposarsi-con-lisis-perche-hanno-fatto-questa-scelta\\\/#primaryimage\"},\"image\":{\"@id\":\"https:\\\/\\\/kipta.org\\\/it\\\/prodotto\\\/sposarsi-con-lisis-perche-hanno-fatto-questa-scelta\\\/#primaryimage\"},\"thumbnailUrl\":\"https:\\\/\\\/kipta.org\\\/wp-content\\\/uploads\\\/2024\\\/07\\\/to-marry-isis.webp\",\"datePublished\":\"2024-04-22T14:14:54+00:00\",\"breadcrumb\":{\"@id\":\"https:\\\/\\\/kipta.org\\\/it\\\/prodotto\\\/sposarsi-con-lisis-perche-hanno-fatto-questa-scelta\\\/#breadcrumb\"},\"inLanguage\":\"it-IT\",\"potentialAction\":[{\"@type\":\"ReadAction\",\"target\":[\"https:\\\/\\\/kipta.org\\\/it\\\/prodotto\\\/sposarsi-con-lisis-perche-hanno-fatto-questa-scelta\\\/\"]}]},{\"@type\":\"ImageObject\",\"inLanguage\":\"it-IT\",\"@id\":\"https:\\\/\\\/kipta.org\\\/it\\\/prodotto\\\/sposarsi-con-lisis-perche-hanno-fatto-questa-scelta\\\/#primaryimage\",\"url\":\"https:\\\/\\\/kipta.org\\\/wp-content\\\/uploads\\\/2024\\\/07\\\/to-marry-isis.webp\",\"contentUrl\":\"https:\\\/\\\/kipta.org\\\/wp-content\\\/uploads\\\/2024\\\/07\\\/to-marry-isis.webp\",\"width\":1280,\"height\":720},{\"@type\":\"BreadcrumbList\",\"@id\":\"https:\\\/\\\/kipta.org\\\/it\\\/prodotto\\\/sposarsi-con-lisis-perche-hanno-fatto-questa-scelta\\\/#breadcrumb\",\"itemListElement\":[{\"@type\":\"ListItem\",\"position\":1,\"name\":\"\u0413\u043e\u043b\u043e\u0432\u043d\u0430\",\"item\":\"https:\\\/\\\/kipta.org\\\/it\\\/\"},{\"@type\":\"ListItem\",\"position\":2,\"name\":\"Negozio\",\"item\":\"https:\\\/\\\/kipta.org\\\/negozio\\\/\"},{\"@type\":\"ListItem\",\"position\":3,\"name\":\"Sposarsi con l&#8217;ISIS: perch\u00e9 hanno fatto questa scelta?\"}]},{\"@type\":\"WebSite\",\"@id\":\"https:\\\/\\\/kipta.org\\\/it\\\/#website\",\"url\":\"https:\\\/\\\/kipta.org\\\/it\\\/\",\"name\":\"KIPTA\",\"description\":\"\u041a\u0418\u0407\u0412\u0421\u042c\u041a\u0410 \u041c\u0406\u0416\u041d\u0410\u0420\u041e\u0414\u041d\u0410 \u0410\u041a\u0410\u0414\u0415\u041c\u0406\u042f \u041f\u0406\u0414\u0413\u041e\u0422\u041e\u0412\u041a\u0418 \u041f\u0421\u0418\u0425\u041e\u0410\u041d\u0410\u041b\u0406\u0422\u0418\u041a\u0406\u0412\",\"publisher\":{\"@id\":\"https:\\\/\\\/kipta.org\\\/it\\\/#organization\"},\"alternateName\":\"\u041a\u041c\u0410\u041f\u041f\",\"potentialAction\":[{\"@type\":\"SearchAction\",\"target\":{\"@type\":\"EntryPoint\",\"urlTemplate\":\"https:\\\/\\\/kipta.org\\\/it\\\/?s={search_term_string}\"},\"query-input\":{\"@type\":\"PropertyValueSpecification\",\"valueRequired\":true,\"valueName\":\"search_term_string\"}}],\"inLanguage\":\"it-IT\"},{\"@type\":\"Organization\",\"@id\":\"https:\\\/\\\/kipta.org\\\/it\\\/#organization\",\"name\":\"\u041a\u041c\u0410\u041f\u041f\",\"url\":\"https:\\\/\\\/kipta.org\\\/it\\\/\",\"logo\":{\"@type\":\"ImageObject\",\"inLanguage\":\"it-IT\",\"@id\":\"https:\\\/\\\/kipta.org\\\/it\\\/#\\\/schema\\\/logo\\\/image\\\/\",\"url\":\"https:\\\/\\\/kipta.org\\\/wp-content\\\/uploads\\\/2024\\\/07\\\/logo_en-3.webp\",\"contentUrl\":\"https:\\\/\\\/kipta.org\\\/wp-content\\\/uploads\\\/2024\\\/07\\\/logo_en-3.webp\",\"width\":512,\"height\":512,\"caption\":\"\u041a\u041c\u0410\u041f\u041f\"},\"image\":{\"@id\":\"https:\\\/\\\/kipta.org\\\/it\\\/#\\\/schema\\\/logo\\\/image\\\/\"},\"sameAs\":[\"https:\\\/\\\/www.facebook.com\\\/psychoanalystyanakorobko\"]}]}<\/script>\n<!-- \/ Yoast SEO plugin. -->","yoast_head_json":{"title":"Sposarsi con l'ISIS: perch\u00e9 hanno fatto questa scelta? - \u041a\u041c\u0410\u041f\u041f","robots":{"index":"index","follow":"follow","max-snippet":"max-snippet:-1","max-image-preview":"max-image-preview:large","max-video-preview":"max-video-preview:-1"},"canonical":"https:\/\/kipta.org\/it\/prodotto\/sposarsi-con-lisis-perche-hanno-fatto-questa-scelta\/","og_locale":"it_IT","og_type":"article","og_title":"Sposarsi con l'ISIS: perch\u00e9 hanno fatto questa scelta? - \u041a\u041c\u0410\u041f\u041f","og_description":"Durata: 1 ora Lingua: russa Il passato di queste donne \u00e8 legato a una sessualit\u00e0 profondamente repressa e condannata. La dura scelta di sottomettersi alla volont\u00e0 di Dio permette loro di soffocare la sofferenza morale e il cronico senso di colpa. Ma molte di queste donne radicalizzate hanno subito abusi sessuali da parte dei loro cari. Il caos provocato dal loro trauma le ha portate a trovare l'ordine giusto e religioso nel controllo religioso.","og_url":"https:\/\/kipta.org\/it\/prodotto\/sposarsi-con-lisis-perche-hanno-fatto-questa-scelta\/","og_site_name":"\u041a\u041c\u0410\u041f\u041f","article_publisher":"https:\/\/www.facebook.com\/psychoanalystyanakorobko","og_image":[{"width":1280,"height":720,"url":"https:\/\/kipta.org\/wp-content\/uploads\/2024\/07\/to-marry-isis.webp","type":"image\/webp"}],"twitter_card":"summary_large_image","twitter_misc":{"Tempo di lettura stimato":"1 minuto"},"schema":{"@context":"https:\/\/schema.org","@graph":[{"@type":"WebPage","@id":"https:\/\/kipta.org\/it\/prodotto\/sposarsi-con-lisis-perche-hanno-fatto-questa-scelta\/","url":"https:\/\/kipta.org\/it\/prodotto\/sposarsi-con-lisis-perche-hanno-fatto-questa-scelta\/","name":"Sposarsi con l'ISIS: perch\u00e9 hanno fatto questa scelta? - \u041a\u041c\u0410\u041f\u041f","isPartOf":{"@id":"https:\/\/kipta.org\/it\/#website"},"primaryImageOfPage":{"@id":"https:\/\/kipta.org\/it\/prodotto\/sposarsi-con-lisis-perche-hanno-fatto-questa-scelta\/#primaryimage"},"image":{"@id":"https:\/\/kipta.org\/it\/prodotto\/sposarsi-con-lisis-perche-hanno-fatto-questa-scelta\/#primaryimage"},"thumbnailUrl":"https:\/\/kipta.org\/wp-content\/uploads\/2024\/07\/to-marry-isis.webp","datePublished":"2024-04-22T14:14:54+00:00","breadcrumb":{"@id":"https:\/\/kipta.org\/it\/prodotto\/sposarsi-con-lisis-perche-hanno-fatto-questa-scelta\/#breadcrumb"},"inLanguage":"it-IT","potentialAction":[{"@type":"ReadAction","target":["https:\/\/kipta.org\/it\/prodotto\/sposarsi-con-lisis-perche-hanno-fatto-questa-scelta\/"]}]},{"@type":"ImageObject","inLanguage":"it-IT","@id":"https:\/\/kipta.org\/it\/prodotto\/sposarsi-con-lisis-perche-hanno-fatto-questa-scelta\/#primaryimage","url":"https:\/\/kipta.org\/wp-content\/uploads\/2024\/07\/to-marry-isis.webp","contentUrl":"https:\/\/kipta.org\/wp-content\/uploads\/2024\/07\/to-marry-isis.webp","width":1280,"height":720},{"@type":"BreadcrumbList","@id":"https:\/\/kipta.org\/it\/prodotto\/sposarsi-con-lisis-perche-hanno-fatto-questa-scelta\/#breadcrumb","itemListElement":[{"@type":"ListItem","position":1,"name":"\u0413\u043e\u043b\u043e\u0432\u043d\u0430","item":"https:\/\/kipta.org\/it\/"},{"@type":"ListItem","position":2,"name":"Negozio","item":"https:\/\/kipta.org\/negozio\/"},{"@type":"ListItem","position":3,"name":"Sposarsi con l&#8217;ISIS: perch\u00e9 hanno fatto questa scelta?"}]},{"@type":"WebSite","@id":"https:\/\/kipta.org\/it\/#website","url":"https:\/\/kipta.org\/it\/","name":"KIPTA","description":"\u041a\u0418\u0407\u0412\u0421\u042c\u041a\u0410 \u041c\u0406\u0416\u041d\u0410\u0420\u041e\u0414\u041d\u0410 \u0410\u041a\u0410\u0414\u0415\u041c\u0406\u042f \u041f\u0406\u0414\u0413\u041e\u0422\u041e\u0412\u041a\u0418 \u041f\u0421\u0418\u0425\u041e\u0410\u041d\u0410\u041b\u0406\u0422\u0418\u041a\u0406\u0412","publisher":{"@id":"https:\/\/kipta.org\/it\/#organization"},"alternateName":"\u041a\u041c\u0410\u041f\u041f","potentialAction":[{"@type":"SearchAction","target":{"@type":"EntryPoint","urlTemplate":"https:\/\/kipta.org\/it\/?s={search_term_string}"},"query-input":{"@type":"PropertyValueSpecification","valueRequired":true,"valueName":"search_term_string"}}],"inLanguage":"it-IT"},{"@type":"Organization","@id":"https:\/\/kipta.org\/it\/#organization","name":"\u041a\u041c\u0410\u041f\u041f","url":"https:\/\/kipta.org\/it\/","logo":{"@type":"ImageObject","inLanguage":"it-IT","@id":"https:\/\/kipta.org\/it\/#\/schema\/logo\/image\/","url":"https:\/\/kipta.org\/wp-content\/uploads\/2024\/07\/logo_en-3.webp","contentUrl":"https:\/\/kipta.org\/wp-content\/uploads\/2024\/07\/logo_en-3.webp","width":512,"height":512,"caption":"\u041a\u041c\u0410\u041f\u041f"},"image":{"@id":"https:\/\/kipta.org\/it\/#\/schema\/logo\/image\/"},"sameAs":["https:\/\/www.facebook.com\/psychoanalystyanakorobko"]}]}},"_links":{"self":[{"href":"https:\/\/kipta.org\/it\/wp-json\/wp\/v2\/product\/4292","targetHints":{"allow":["GET"]}}],"collection":[{"href":"https:\/\/kipta.org\/it\/wp-json\/wp\/v2\/product"}],"about":[{"href":"https:\/\/kipta.org\/it\/wp-json\/wp\/v2\/types\/product"}],"replies":[{"embeddable":true,"href":"https:\/\/kipta.org\/it\/wp-json\/wp\/v2\/comments?post=4292"}],"version-history":[{"count":0,"href":"https:\/\/kipta.org\/it\/wp-json\/wp\/v2\/product\/4292\/revisions"}],"wp:featuredmedia":[{"embeddable":true,"href":"https:\/\/kipta.org\/it\/wp-json\/wp\/v2\/media\/4293"}],"wp:attachment":[{"href":"https:\/\/kipta.org\/it\/wp-json\/wp\/v2\/media?parent=4292"}],"wp:term":[{"taxonomy":"product_brand","embeddable":true,"href":"https:\/\/kipta.org\/it\/wp-json\/wp\/v2\/product_brand?post=4292"},{"taxonomy":"product_cat","embeddable":true,"href":"https:\/\/kipta.org\/it\/wp-json\/wp\/v2\/product_cat?post=4292"},{"taxonomy":"product_tag","embeddable":true,"href":"https:\/\/kipta.org\/it\/wp-json\/wp\/v2\/product_tag?post=4292"}],"curies":[{"name":"wp","href":"https:\/\/api.w.org\/{rel}","templated":true}]}}