{"id":4287,"date":"2024-04-22T17:19:54","date_gmt":"2024-04-22T14:19:54","guid":{"rendered":"https:\/\/kipta.org\/product\/est-societa-dei-tabu-societa-dellincesto\/"},"modified":"2024-07-21T22:32:06","modified_gmt":"2024-07-21T19:32:06","slug":"est-societa-dei-tabu-societa-dellincesto","status":"publish","type":"product","link":"https:\/\/kipta.org\/it\/prodotto\/est-societa-dei-tabu-societa-dellincesto\/","title":{"rendered":"Est: societ\u00e0 dei tab\u00f9, societ\u00e0 dell&#8217;incesto"},"content":{"rendered":"<p>Nell&#8217;amore perverso del Medio Oriente la scommessa non \u00e8 tanto sul piacere sessuale quanto sull&#8217;identificazione. L&#8217;incestualit\u00e0 \u00e8 innanzitutto una questione del clima prevalente nella societ\u00e0, una societ\u00e0 dominata dalla famiglia, una famiglia erotizzata, dove il pubblico (non la famiglia) \u00e8 chiuso alla penetrazione. Molti paesi arabi registrano alcuni dei tassi di matrimoni consanguinei pi\u00f9 alti al mondo, in particolare i matrimoni tra cugini di primo grado, che possono raggiungere il 65% di tutti i matrimoni. In Oman, 35 su 1000 neonati presentano gravi difetti congeniti, principalmente a causa della prevalenza di malattie autosomico-recessive.<br \/>\nPartendo da un materiale completamente diverso rispetto all&#8217;incesto spirituale dell&#8217;Occidente cristiano, vorrei condividere con voi le realt\u00e0 delle relazioni incestuose nel mondo arabo-musulmano e un&#8217;analisi della minaccia che grava sull&#8217;identificazione del soggetto. L&#8217;intera clinica del Medio Oriente moderno \u00e8 in realt\u00e0 legata alla questione dell&#8217;identificazione. Infatti, qualsiasi legame stabilito all&#8217;interno della famiglia deve necessariamente assumere una forma triadica del tipo padre-madre-figlio, e non binaria attraverso l&#8217;esclusione di terze parti, quando un fratello \u00e8 contemporaneamente fratello e marito, il che porta a una serie di sventure: rivalit\u00e0 insostenibile, identificazione impossibile, psicosi, non tanto come conseguenza del divieto e della sua violazione, quanto della sua assenza.<\/p>\n<p>Tuttavia, vale la pena sottolineare che ovunque l&#8217;incesto istituzionalizzato sia presente, ci sono segretezza e sacralit\u00e0. Quindi, perch\u00e9 l&#8217;incesto \u00e8 idealizzato in alcune circostanze e severamente condannato in altre? Scopriamolo insieme al webinar Est: societ\u00e0 dei tab\u00f9, societ\u00e0 dell\u2019incesto.<\/p>\n","protected":false},"excerpt":{"rendered":"<p><strong>Durata:<\/strong> 1 ora e 15 minuti<\/p>\n<p><strong>Lingua:<\/strong> russa<\/p>\n<p>Nell&#8217;amore perverso del Medio Oriente la scommessa non \u00e8 tanto sul piacere sessuale quanto sull&#8217;identificazione. L&#8217;incestualit\u00e0 \u00e8 innanzitutto una questione del clima prevalente nella societ\u00e0, una societ\u00e0 dominata dalla famiglia, una famiglia erotizzata, dove il pubblico (non la famiglia) \u00e8 chiuso alla penetrazione. Molti paesi arabi registrano alcuni dei tassi di matrimoni consanguinei pi\u00f9 alti al mondo, in particolare i matrimoni tra cugini di primo grado, che possono raggiungere il 65% di tutti i matrimoni.<\/p>\n","protected":false},"featured_media":4288,"comment_status":"open","ping_status":"closed","template":"","meta":{"_jet_sm_ready_style":"","_jet_sm_style":"","_jet_sm_controls_values":"","_jet_sm_fonts_collection":"","_jet_sm_fonts_links":""},"product_brand":[],"product_cat":[786,826,770,774,799,790,794,778,802,816,806,808,809,800,811,813,766],"product_tag":[],"class_list":{"0":"post-4287","1":"product","2":"type-product","3":"status-publish","4":"has-post-thumbnail","6":"product_cat-complesso-edipico","7":"product_cat-fantasia","8":"product_cat-identita","9":"product_cat-incesto","10":"product_cat-inconscio","11":"product_cat-inconscio-collettivo","12":"product_cat-madre","13":"product_cat-padre","14":"product_cat-poligamia","15":"product_cat-poligamia-it","16":"product_cat-psicoanalisi-e-societa","17":"product_cat-psicopatologia","18":"product_cat-psicosomatica","19":"product_cat-reversibilita","20":"product_cat-sacralita","21":"product_cat-sessualita","22":"product_cat-videocorsi-it","24":"first","25":"instock","26":"virtual","27":"purchasable","28":"product-type-simple"},"yoast_head":"<!-- This site is optimized with the Yoast SEO plugin v27.4 - https:\/\/yoast.com\/product\/yoast-seo-wordpress\/ -->\n<title>Est: societ\u00e0 dei tab\u00f9, societ\u00e0 dell&#039;incesto - \u041a\u041c\u0410\u041f\u041f<\/title>\n<meta name=\"robots\" content=\"index, follow, max-snippet:-1, max-image-preview:large, max-video-preview:-1\" \/>\n<link rel=\"canonical\" href=\"https:\/\/kipta.org\/it\/prodotto\/est-societa-dei-tabu-societa-dellincesto\/\" \/>\n<meta property=\"og:locale\" content=\"it_IT\" \/>\n<meta property=\"og:type\" content=\"article\" \/>\n<meta property=\"og:title\" content=\"Est: societ\u00e0 dei tab\u00f9, societ\u00e0 dell&#039;incesto - \u041a\u041c\u0410\u041f\u041f\" \/>\n<meta property=\"og:description\" content=\"Durata: 1 ora e 15 minuti Lingua: russa Nell&#039;amore perverso del Medio Oriente la scommessa non \u00e8 tanto sul piacere sessuale quanto sull&#039;identificazione. L&#039;incestualit\u00e0 \u00e8 innanzitutto una questione del clima prevalente nella societ\u00e0, una societ\u00e0 dominata dalla famiglia, una famiglia erotizzata, dove il pubblico (non la famiglia) \u00e8 chiuso alla penetrazione. Molti paesi arabi registrano alcuni dei tassi di matrimoni consanguinei pi\u00f9 alti al mondo, in particolare i matrimoni tra cugini di primo grado, che possono raggiungere il 65% di tutti i matrimoni.\" \/>\n<meta property=\"og:url\" content=\"https:\/\/kipta.org\/it\/prodotto\/est-societa-dei-tabu-societa-dellincesto\/\" \/>\n<meta property=\"og:site_name\" content=\"\u041a\u041c\u0410\u041f\u041f\" \/>\n<meta property=\"article:publisher\" content=\"https:\/\/www.facebook.com\/psychoanalystyanakorobko\" \/>\n<meta property=\"article:modified_time\" content=\"2024-07-21T19:32:06+00:00\" \/>\n<meta property=\"og:image\" content=\"https:\/\/kipta.org\/wp-content\/uploads\/2024\/07\/the-east.webp\" \/>\n\t<meta property=\"og:image:width\" content=\"1280\" \/>\n\t<meta property=\"og:image:height\" content=\"720\" \/>\n\t<meta property=\"og:image:type\" content=\"image\/webp\" \/>\n<meta name=\"twitter:card\" content=\"summary_large_image\" \/>\n<meta name=\"twitter:label1\" content=\"Tempo di lettura stimato\" \/>\n\t<meta name=\"twitter:data1\" content=\"1 minuto\" \/>\n<script type=\"application\/ld+json\" class=\"yoast-schema-graph\">{\"@context\":\"https:\\\/\\\/schema.org\",\"@graph\":[{\"@type\":\"WebPage\",\"@id\":\"https:\\\/\\\/kipta.org\\\/it\\\/prodotto\\\/est-societa-dei-tabu-societa-dellincesto\\\/\",\"url\":\"https:\\\/\\\/kipta.org\\\/it\\\/prodotto\\\/est-societa-dei-tabu-societa-dellincesto\\\/\",\"name\":\"Est: societ\u00e0 dei tab\u00f9, societ\u00e0 dell'incesto - \u041a\u041c\u0410\u041f\u041f\",\"isPartOf\":{\"@id\":\"https:\\\/\\\/kipta.org\\\/it\\\/#website\"},\"primaryImageOfPage\":{\"@id\":\"https:\\\/\\\/kipta.org\\\/it\\\/prodotto\\\/est-societa-dei-tabu-societa-dellincesto\\\/#primaryimage\"},\"image\":{\"@id\":\"https:\\\/\\\/kipta.org\\\/it\\\/prodotto\\\/est-societa-dei-tabu-societa-dellincesto\\\/#primaryimage\"},\"thumbnailUrl\":\"https:\\\/\\\/kipta.org\\\/wp-content\\\/uploads\\\/2024\\\/07\\\/the-east.webp\",\"datePublished\":\"2024-04-22T14:19:54+00:00\",\"dateModified\":\"2024-07-21T19:32:06+00:00\",\"breadcrumb\":{\"@id\":\"https:\\\/\\\/kipta.org\\\/it\\\/prodotto\\\/est-societa-dei-tabu-societa-dellincesto\\\/#breadcrumb\"},\"inLanguage\":\"it-IT\",\"potentialAction\":[{\"@type\":\"ReadAction\",\"target\":[\"https:\\\/\\\/kipta.org\\\/it\\\/prodotto\\\/est-societa-dei-tabu-societa-dellincesto\\\/\"]}]},{\"@type\":\"ImageObject\",\"inLanguage\":\"it-IT\",\"@id\":\"https:\\\/\\\/kipta.org\\\/it\\\/prodotto\\\/est-societa-dei-tabu-societa-dellincesto\\\/#primaryimage\",\"url\":\"https:\\\/\\\/kipta.org\\\/wp-content\\\/uploads\\\/2024\\\/07\\\/the-east.webp\",\"contentUrl\":\"https:\\\/\\\/kipta.org\\\/wp-content\\\/uploads\\\/2024\\\/07\\\/the-east.webp\",\"width\":1280,\"height\":720},{\"@type\":\"BreadcrumbList\",\"@id\":\"https:\\\/\\\/kipta.org\\\/it\\\/prodotto\\\/est-societa-dei-tabu-societa-dellincesto\\\/#breadcrumb\",\"itemListElement\":[{\"@type\":\"ListItem\",\"position\":1,\"name\":\"\u0413\u043e\u043b\u043e\u0432\u043d\u0430\",\"item\":\"https:\\\/\\\/kipta.org\\\/it\\\/\"},{\"@type\":\"ListItem\",\"position\":2,\"name\":\"Negozio\",\"item\":\"https:\\\/\\\/kipta.org\\\/negozio\\\/\"},{\"@type\":\"ListItem\",\"position\":3,\"name\":\"Est: societ\u00e0 dei tab\u00f9, societ\u00e0 dell&#8217;incesto\"}]},{\"@type\":\"WebSite\",\"@id\":\"https:\\\/\\\/kipta.org\\\/it\\\/#website\",\"url\":\"https:\\\/\\\/kipta.org\\\/it\\\/\",\"name\":\"KIPTA\",\"description\":\"\u041a\u0418\u0407\u0412\u0421\u042c\u041a\u0410 \u041c\u0406\u0416\u041d\u0410\u0420\u041e\u0414\u041d\u0410 \u0410\u041a\u0410\u0414\u0415\u041c\u0406\u042f \u041f\u0406\u0414\u0413\u041e\u0422\u041e\u0412\u041a\u0418 \u041f\u0421\u0418\u0425\u041e\u0410\u041d\u0410\u041b\u0406\u0422\u0418\u041a\u0406\u0412\",\"publisher\":{\"@id\":\"https:\\\/\\\/kipta.org\\\/it\\\/#organization\"},\"alternateName\":\"\u041a\u041c\u0410\u041f\u041f\",\"potentialAction\":[{\"@type\":\"SearchAction\",\"target\":{\"@type\":\"EntryPoint\",\"urlTemplate\":\"https:\\\/\\\/kipta.org\\\/it\\\/?s={search_term_string}\"},\"query-input\":{\"@type\":\"PropertyValueSpecification\",\"valueRequired\":true,\"valueName\":\"search_term_string\"}}],\"inLanguage\":\"it-IT\"},{\"@type\":\"Organization\",\"@id\":\"https:\\\/\\\/kipta.org\\\/it\\\/#organization\",\"name\":\"\u041a\u041c\u0410\u041f\u041f\",\"url\":\"https:\\\/\\\/kipta.org\\\/it\\\/\",\"logo\":{\"@type\":\"ImageObject\",\"inLanguage\":\"it-IT\",\"@id\":\"https:\\\/\\\/kipta.org\\\/it\\\/#\\\/schema\\\/logo\\\/image\\\/\",\"url\":\"https:\\\/\\\/kipta.org\\\/wp-content\\\/uploads\\\/2024\\\/07\\\/logo_en-3.webp\",\"contentUrl\":\"https:\\\/\\\/kipta.org\\\/wp-content\\\/uploads\\\/2024\\\/07\\\/logo_en-3.webp\",\"width\":512,\"height\":512,\"caption\":\"\u041a\u041c\u0410\u041f\u041f\"},\"image\":{\"@id\":\"https:\\\/\\\/kipta.org\\\/it\\\/#\\\/schema\\\/logo\\\/image\\\/\"},\"sameAs\":[\"https:\\\/\\\/www.facebook.com\\\/psychoanalystyanakorobko\"]}]}<\/script>\n<!-- \/ Yoast SEO plugin. -->","yoast_head_json":{"title":"Est: societ\u00e0 dei tab\u00f9, societ\u00e0 dell'incesto - \u041a\u041c\u0410\u041f\u041f","robots":{"index":"index","follow":"follow","max-snippet":"max-snippet:-1","max-image-preview":"max-image-preview:large","max-video-preview":"max-video-preview:-1"},"canonical":"https:\/\/kipta.org\/it\/prodotto\/est-societa-dei-tabu-societa-dellincesto\/","og_locale":"it_IT","og_type":"article","og_title":"Est: societ\u00e0 dei tab\u00f9, societ\u00e0 dell'incesto - \u041a\u041c\u0410\u041f\u041f","og_description":"Durata: 1 ora e 15 minuti Lingua: russa Nell'amore perverso del Medio Oriente la scommessa non \u00e8 tanto sul piacere sessuale quanto sull'identificazione. L'incestualit\u00e0 \u00e8 innanzitutto una questione del clima prevalente nella societ\u00e0, una societ\u00e0 dominata dalla famiglia, una famiglia erotizzata, dove il pubblico (non la famiglia) \u00e8 chiuso alla penetrazione. Molti paesi arabi registrano alcuni dei tassi di matrimoni consanguinei pi\u00f9 alti al mondo, in particolare i matrimoni tra cugini di primo grado, che possono raggiungere il 65% di tutti i matrimoni.","og_url":"https:\/\/kipta.org\/it\/prodotto\/est-societa-dei-tabu-societa-dellincesto\/","og_site_name":"\u041a\u041c\u0410\u041f\u041f","article_publisher":"https:\/\/www.facebook.com\/psychoanalystyanakorobko","article_modified_time":"2024-07-21T19:32:06+00:00","og_image":[{"width":1280,"height":720,"url":"https:\/\/kipta.org\/wp-content\/uploads\/2024\/07\/the-east.webp","type":"image\/webp"}],"twitter_card":"summary_large_image","twitter_misc":{"Tempo di lettura stimato":"1 minuto"},"schema":{"@context":"https:\/\/schema.org","@graph":[{"@type":"WebPage","@id":"https:\/\/kipta.org\/it\/prodotto\/est-societa-dei-tabu-societa-dellincesto\/","url":"https:\/\/kipta.org\/it\/prodotto\/est-societa-dei-tabu-societa-dellincesto\/","name":"Est: societ\u00e0 dei tab\u00f9, societ\u00e0 dell'incesto - \u041a\u041c\u0410\u041f\u041f","isPartOf":{"@id":"https:\/\/kipta.org\/it\/#website"},"primaryImageOfPage":{"@id":"https:\/\/kipta.org\/it\/prodotto\/est-societa-dei-tabu-societa-dellincesto\/#primaryimage"},"image":{"@id":"https:\/\/kipta.org\/it\/prodotto\/est-societa-dei-tabu-societa-dellincesto\/#primaryimage"},"thumbnailUrl":"https:\/\/kipta.org\/wp-content\/uploads\/2024\/07\/the-east.webp","datePublished":"2024-04-22T14:19:54+00:00","dateModified":"2024-07-21T19:32:06+00:00","breadcrumb":{"@id":"https:\/\/kipta.org\/it\/prodotto\/est-societa-dei-tabu-societa-dellincesto\/#breadcrumb"},"inLanguage":"it-IT","potentialAction":[{"@type":"ReadAction","target":["https:\/\/kipta.org\/it\/prodotto\/est-societa-dei-tabu-societa-dellincesto\/"]}]},{"@type":"ImageObject","inLanguage":"it-IT","@id":"https:\/\/kipta.org\/it\/prodotto\/est-societa-dei-tabu-societa-dellincesto\/#primaryimage","url":"https:\/\/kipta.org\/wp-content\/uploads\/2024\/07\/the-east.webp","contentUrl":"https:\/\/kipta.org\/wp-content\/uploads\/2024\/07\/the-east.webp","width":1280,"height":720},{"@type":"BreadcrumbList","@id":"https:\/\/kipta.org\/it\/prodotto\/est-societa-dei-tabu-societa-dellincesto\/#breadcrumb","itemListElement":[{"@type":"ListItem","position":1,"name":"\u0413\u043e\u043b\u043e\u0432\u043d\u0430","item":"https:\/\/kipta.org\/it\/"},{"@type":"ListItem","position":2,"name":"Negozio","item":"https:\/\/kipta.org\/negozio\/"},{"@type":"ListItem","position":3,"name":"Est: societ\u00e0 dei tab\u00f9, societ\u00e0 dell&#8217;incesto"}]},{"@type":"WebSite","@id":"https:\/\/kipta.org\/it\/#website","url":"https:\/\/kipta.org\/it\/","name":"KIPTA","description":"\u041a\u0418\u0407\u0412\u0421\u042c\u041a\u0410 \u041c\u0406\u0416\u041d\u0410\u0420\u041e\u0414\u041d\u0410 \u0410\u041a\u0410\u0414\u0415\u041c\u0406\u042f \u041f\u0406\u0414\u0413\u041e\u0422\u041e\u0412\u041a\u0418 \u041f\u0421\u0418\u0425\u041e\u0410\u041d\u0410\u041b\u0406\u0422\u0418\u041a\u0406\u0412","publisher":{"@id":"https:\/\/kipta.org\/it\/#organization"},"alternateName":"\u041a\u041c\u0410\u041f\u041f","potentialAction":[{"@type":"SearchAction","target":{"@type":"EntryPoint","urlTemplate":"https:\/\/kipta.org\/it\/?s={search_term_string}"},"query-input":{"@type":"PropertyValueSpecification","valueRequired":true,"valueName":"search_term_string"}}],"inLanguage":"it-IT"},{"@type":"Organization","@id":"https:\/\/kipta.org\/it\/#organization","name":"\u041a\u041c\u0410\u041f\u041f","url":"https:\/\/kipta.org\/it\/","logo":{"@type":"ImageObject","inLanguage":"it-IT","@id":"https:\/\/kipta.org\/it\/#\/schema\/logo\/image\/","url":"https:\/\/kipta.org\/wp-content\/uploads\/2024\/07\/logo_en-3.webp","contentUrl":"https:\/\/kipta.org\/wp-content\/uploads\/2024\/07\/logo_en-3.webp","width":512,"height":512,"caption":"\u041a\u041c\u0410\u041f\u041f"},"image":{"@id":"https:\/\/kipta.org\/it\/#\/schema\/logo\/image\/"},"sameAs":["https:\/\/www.facebook.com\/psychoanalystyanakorobko"]}]}},"_links":{"self":[{"href":"https:\/\/kipta.org\/it\/wp-json\/wp\/v2\/product\/4287","targetHints":{"allow":["GET"]}}],"collection":[{"href":"https:\/\/kipta.org\/it\/wp-json\/wp\/v2\/product"}],"about":[{"href":"https:\/\/kipta.org\/it\/wp-json\/wp\/v2\/types\/product"}],"replies":[{"embeddable":true,"href":"https:\/\/kipta.org\/it\/wp-json\/wp\/v2\/comments?post=4287"}],"version-history":[{"count":1,"href":"https:\/\/kipta.org\/it\/wp-json\/wp\/v2\/product\/4287\/revisions"}],"predecessor-version":[{"id":4495,"href":"https:\/\/kipta.org\/it\/wp-json\/wp\/v2\/product\/4287\/revisions\/4495"}],"wp:featuredmedia":[{"embeddable":true,"href":"https:\/\/kipta.org\/it\/wp-json\/wp\/v2\/media\/4288"}],"wp:attachment":[{"href":"https:\/\/kipta.org\/it\/wp-json\/wp\/v2\/media?parent=4287"}],"wp:term":[{"taxonomy":"product_brand","embeddable":true,"href":"https:\/\/kipta.org\/it\/wp-json\/wp\/v2\/product_brand?post=4287"},{"taxonomy":"product_cat","embeddable":true,"href":"https:\/\/kipta.org\/it\/wp-json\/wp\/v2\/product_cat?post=4287"},{"taxonomy":"product_tag","embeddable":true,"href":"https:\/\/kipta.org\/it\/wp-json\/wp\/v2\/product_tag?post=4287"}],"curies":[{"name":"wp","href":"https:\/\/api.w.org\/{rel}","templated":true}]}}