{"id":3365,"date":"2024-04-22T14:01:47","date_gmt":"2024-04-22T11:01:47","guid":{"rendered":"https:\/\/kipta.org\/?page_id=3365"},"modified":"2024-06-26T16:56:19","modified_gmt":"2024-06-26T13:56:19","slug":"accompagnement-professionnel","status":"publish","type":"page","link":"https:\/\/kipta.org\/fr\/accompagnement-professionnel\/","title":{"rendered":"Soutien professionnel"},"content":{"rendered":"\t\t<div data-elementor-type=\"wp-page\" data-elementor-id=\"3365\" class=\"elementor elementor-3365 elementor-792\">\n\t\t\t\t\t\t<section class=\"elementor-section elementor-top-section elementor-element elementor-element-8acc8b5 elementor-section-boxed elementor-section-height-default elementor-section-height-default\" data-id=\"8acc8b5\" data-element_type=\"section\" data-e-type=\"section\" data-settings=\"{&quot;jet_parallax_layout_list&quot;:[]}\">\n\t\t\t\t\t\t<div class=\"elementor-container elementor-column-gap-default\">\n\t\t\t\t\t<div class=\"elementor-column elementor-col-100 elementor-top-column elementor-element elementor-element-0228325\" data-id=\"0228325\" data-element_type=\"column\" data-e-type=\"column\">\n\t\t\t<div class=\"elementor-widget-wrap elementor-element-populated\">\n\t\t\t\t\t\t<div class=\"elementor-element elementor-element-209465b elementor-widget__width-auto elementor-widget elementor-widget-heading\" data-id=\"209465b\" data-element_type=\"widget\" data-e-type=\"widget\" data-widget_type=\"heading.default\">\n\t\t\t\t<div class=\"elementor-widget-container\">\n\t\t\t\t\t<h2 class=\"elementor-heading-title elementor-size-default\">SOUTIEN PROFESSIONAL<\/h2>\t\t\t\t<\/div>\n\t\t\t\t<\/div>\n\t\t\t\t<div class=\"elementor-element elementor-element-cc99fe0 elementor-widget__width-initial elementor-widget elementor-widget-text-editor\" data-id=\"cc99fe0\" data-element_type=\"widget\" data-e-type=\"widget\" data-widget_type=\"text-editor.default\">\n\t\t\t\t<div class=\"elementor-widget-container\">\n\t\t\t\t\t\t\t\t\t<p>Tout comme les autres professionnels qui se consacrent \u00e0 l&rsquo;aide aux autres, les psychanalystes sont sujets au stress, \u00e0 l&rsquo;\u00e9puisement professionnel et \u00e0 l&rsquo;\u00e9puisement \u00e9motionnel. C&rsquo;est pourquoi le soutien professionnel est essentiel pour :<\/p>\n<p>&#8211; Prot\u00e9ger la sant\u00e9 mentale;<\/p>\n<p>&#8211; Am\u00e9liorer la qualit\u00e9 du travail;<\/p>\n<p>&#8211; Maintenir l&rsquo;\u00e9thique professionnelle;<\/p>\n<p>&#8211; Pr\u00e9server l&rsquo;\u00e9quilibre entre la vie professionnelle et la vie personnelle;<\/p>\n<p>&#8211; Favoriser la croissance personnelle.<\/p>\n<p>KIPTA s&rsquo;engage \u00e0 rendre le soutien professionnel accessible \u00e0 tous ses membres et propose des intervisions de groupe et des supervisions individuelles.<\/p>\n\t\t\t\t\t\t\t\t<\/div>\n\t\t\t\t<\/div>\n\t\t\t\t\t<\/div>\n\t\t<\/div>\n\t\t\t\t\t<\/div>\n\t\t<\/section>\n\t\t\t\t<section class=\"elementor-section elementor-top-section elementor-element elementor-element-262bcba elementor-section-boxed elementor-section-height-default elementor-section-height-default\" data-id=\"262bcba\" data-element_type=\"section\" data-e-type=\"section\" data-settings=\"{&quot;jet_parallax_layout_list&quot;:[]}\">\n\t\t\t\t\t\t<div class=\"elementor-container elementor-column-gap-default\">\n\t\t\t\t\t<div class=\"elementor-column elementor-col-20 elementor-top-column elementor-element elementor-element-2c3b50a\" data-id=\"2c3b50a\" data-element_type=\"column\" data-e-type=\"column\">\n\t\t\t<div class=\"elementor-widget-wrap\">\n\t\t\t\t\t\t\t<\/div>\n\t\t<\/div>\n\t\t\t\t<div class=\"elementor-column elementor-col-20 elementor-top-column elementor-element elementor-element-e5f5884\" data-id=\"e5f5884\" data-element_type=\"column\" data-e-type=\"column\">\n\t\t\t<div class=\"elementor-widget-wrap elementor-element-populated\">\n\t\t\t\t\t\t<div class=\"elementor-element elementor-element-9e12c8f elementor-widget__width-inherit elementor-widget elementor-widget-heading\" data-id=\"9e12c8f\" data-element_type=\"widget\" data-e-type=\"widget\" data-widget_type=\"heading.default\">\n\t\t\t\t<div class=\"elementor-widget-container\">\n\t\t\t\t\t<div class=\"elementor-heading-title elementor-size-default\">INTERVISIONS<\/div>\t\t\t\t<\/div>\n\t\t\t\t<\/div>\n\t\t\t\t<div class=\"elementor-element elementor-element-73a1a9e elementor-widget elementor-widget-text-editor\" data-id=\"73a1a9e\" data-element_type=\"widget\" data-e-type=\"widget\" data-widget_type=\"text-editor.default\">\n\t\t\t\t<div class=\"elementor-widget-container\">\n\t\t\t\t\t\t\t\t\t<p><strong>Pourquoi est-ce n\u00e9cessaire?<\/strong><br \/>Travailler avec des analysants peut \u00eatre difficile et \u00e9puisant. Les intervisions sont un espace de ressources pr\u00e9cieux qui peut aider les psychanalystes \u00e0 am\u00e9liorer leur travail, \u00e0 obtenir un retour d&rsquo;information et du soutien, et \u00e0 prendre soin d&rsquo;eux-m\u00eames et \u00e0 se sentir partie prenante de la communaut\u00e9 psychanalytique.<\/p>\n<p><strong>Principes:<\/strong><br \/>Les intervisions au KIPTA sont fond\u00e9es sur les principes d&rsquo;\u00e9galit\u00e9, de respect et de confidentialit\u00e9.<\/p>\n<p><strong>Structure:<\/strong><br \/>Un groupe d&rsquo;intervision est compos\u00e9 de 5 \u00e0 7 psychanalystes qui se r\u00e9unissent r\u00e9guli\u00e8rement deux mardis par mois \u00e0 19h00.<br \/>Chaque rencontre est consacr\u00e9e \u00e0 un th\u00e8me sp\u00e9cifique, au travail avec un type de patient particulier, \u00e0 l&rsquo;exploration d&rsquo;un concept psychanalytique sp\u00e9cifique ou \u00e0 la r\u00e9solution d&rsquo;un dilemme \u00e9thique.<\/p>\n<p>Les membres du groupe pr\u00e9sentent \u00e0 tour de r\u00f4le des cas de leur propre pratique, partagent leurs r\u00e9flexions et leurs sentiments, et re\u00e7oivent des commentaires et du soutien des autres membres du groupe.<\/p>\n\t\t\t\t\t\t\t\t<\/div>\n\t\t\t\t<\/div>\n\t\t\t\t<div class=\"elementor-element elementor-element-b038915 elementor-widget__width-inherit intervencia_popap elementor-widget elementor-widget-jet-button\" data-id=\"b038915\" data-element_type=\"widget\" data-e-type=\"widget\" data-widget_type=\"jet-button.default\">\n\t\t\t\t<div class=\"elementor-widget-container\">\n\t\t\t\t\t<div class=\"elementor-jet-button jet-elements\"><div class=\"jet-button__container\">\n\t<a class=\"jet-button__instance jet-button__instance--icon-left hover-effect-0\" href=\"https:\/\/kipta.org\/fr\/?page_id=3365\">\n\t\t<div class=\"jet-button__plane jet-button__plane-normal\"><\/div>\n\t\t<div class=\"jet-button__plane jet-button__plane-hover\"><\/div>\n\t\t<div class=\"jet-button__state jet-button__state-normal\">\n\t\t\t<span class=\"jet-button__label\">D\u00e9poser une demande<\/span>\t\t<\/div>\n\t\t<div class=\"jet-button__state jet-button__state-hover\">\n\t\t\t<span class=\"jet-button__label\">D\u00e9poser une demande<\/span>\t\t<\/div>\n\t<\/a>\n<\/div>\n<\/div>\t\t\t\t<\/div>\n\t\t\t\t<\/div>\n\t\t\t\t\t<\/div>\n\t\t<\/div>\n\t\t\t\t<div class=\"elementor-column elementor-col-20 elementor-top-column elementor-element elementor-element-0b46fd4\" data-id=\"0b46fd4\" data-element_type=\"column\" data-e-type=\"column\">\n\t\t\t<div class=\"elementor-widget-wrap\">\n\t\t\t\t\t\t\t<\/div>\n\t\t<\/div>\n\t\t\t\t<div class=\"elementor-column elementor-col-20 elementor-top-column elementor-element elementor-element-85caed9\" data-id=\"85caed9\" data-element_type=\"column\" data-e-type=\"column\">\n\t\t\t<div class=\"elementor-widget-wrap elementor-element-populated\">\n\t\t\t\t\t\t<div class=\"elementor-element elementor-element-3146cc4 elementor-widget__width-inherit elementor-widget elementor-widget-heading\" data-id=\"3146cc4\" data-element_type=\"widget\" data-e-type=\"widget\" data-widget_type=\"heading.default\">\n\t\t\t\t<div class=\"elementor-widget-container\">\n\t\t\t\t\t<div class=\"elementor-heading-title elementor-size-default\">SUPERVISIONS<\/div>\t\t\t\t<\/div>\n\t\t\t\t<\/div>\n\t\t\t\t<div class=\"elementor-element elementor-element-6cec0f6 elementor-widget elementor-widget-text-editor\" data-id=\"6cec0f6\" data-element_type=\"widget\" data-e-type=\"widget\" data-widget_type=\"text-editor.default\">\n\t\t\t\t<div class=\"elementor-widget-container\">\n\t\t\t\t\t\t\t\t\t<p><strong>Pourquoi est-ce n\u00e9cessaire?<\/strong><br \/>La supervision est un processus dynamique qui s&rsquo;adapte aux besoins et aux objectifs du supervis\u00e9, et est essentielle dans le travail psychanalytique. Gr\u00e2ce \u00e0 la supervision, il est possible d&rsquo;explorer plus en profondeur ses propres \u00e9motions qui influencent le travail avec les analysants, ce qui permet de devenir plus objectif et impartial.<\/p>\n<p><strong>Principes:<\/strong><br \/>La supervision au KIPTA est bas\u00e9e sur la confidentialit\u00e9, la neutralit\u00e9, le respect, la concentration sur le processus d&rsquo;analyse (plut\u00f4t que sur la personnalit\u00e9 du psychanalyste), l&rsquo;auto-exploration et la s\u00e9curit\u00e9 des analysants.<\/p>\n<p><strong>Structure: <\/strong><\/p>\n<p><span style=\"letter-spacing: 0.36px;\">Au cours de la supervision, le supervis\u00e9 pr\u00e9sente le mat\u00e9riel. Le superviseur \u00e9coute, pose des questions et donne des commentaires sur le travail du supervis\u00e9. <\/span><\/p>\n<p>Ensemble, ils explorent la dynamique de l\u2019analyse, identifient les zones potentiellement probl\u00e9matiques et \u00e9laborent des strat\u00e9gies pour am\u00e9liorer le travail du supervis\u00e9.<\/p>\n\t\t\t\t\t\t\t\t<\/div>\n\t\t\t\t<\/div>\n\t\t\t\t<div class=\"elementor-element elementor-element-8b979b3 elementor-widget__width-inherit elementor-widget elementor-widget-jet-button\" data-id=\"8b979b3\" data-element_type=\"widget\" data-e-type=\"widget\" data-widget_type=\"jet-button.default\">\n\t\t\t\t<div class=\"elementor-widget-container\">\n\t\t\t\t\t<div class=\"elementor-jet-button jet-elements\"><div class=\"jet-button__container\">\n\t<a class=\"jet-button__instance jet-button__instance--icon-left hover-effect-0\" href=\"https:\/\/kipta.org\/fr\/accompagnement-professionnel\/superviseurs\/\">\n\t\t<div class=\"jet-button__plane jet-button__plane-normal\"><\/div>\n\t\t<div class=\"jet-button__plane jet-button__plane-hover\"><\/div>\n\t\t<div class=\"jet-button__state jet-button__state-normal\">\n\t\t\t<span class=\"jet-button__label\">Choisir un superviseur et d\u00e9poser une demande<\/span>\t\t<\/div>\n\t\t<div class=\"jet-button__state jet-button__state-hover\">\n\t\t\t<span class=\"jet-button__label\">Choisir un superviseur et d\u00e9poser une demande<\/span>\t\t<\/div>\n\t<\/a>\n<\/div>\n<\/div>\t\t\t\t<\/div>\n\t\t\t\t<\/div>\n\t\t\t\t\t<\/div>\n\t\t<\/div>\n\t\t\t\t<div class=\"elementor-column elementor-col-20 elementor-top-column elementor-element elementor-element-12d89e4\" data-id=\"12d89e4\" data-element_type=\"column\" data-e-type=\"column\">\n\t\t\t<div class=\"elementor-widget-wrap\">\n\t\t\t\t\t\t\t<\/div>\n\t\t<\/div>\n\t\t\t\t\t<\/div>\n\t\t<\/section>\n\t\t\t\t<\/div>\n\t\t","protected":false},"excerpt":{"rendered":"<p>SOUTIEN PROFESSIONAL Tout comme les autres professionnels qui se consacrent \u00e0 l&rsquo;aide aux autres, les psychanalystes sont sujets au stress, \u00e0 l&rsquo;\u00e9puisement professionnel et \u00e0 l&rsquo;\u00e9puisement \u00e9motionnel. C&rsquo;est pourquoi le soutien professionnel est essentiel pour : &#8211; Prot\u00e9ger la sant\u00e9 mentale; &#8211; Am\u00e9liorer la qualit\u00e9 du travail; &#8211; Maintenir l&rsquo;\u00e9thique professionnelle; &#8211; Pr\u00e9server l&rsquo;\u00e9quilibre entre [&hellip;]<\/p>\n","protected":false},"author":1,"featured_media":0,"parent":0,"menu_order":0,"comment_status":"closed","ping_status":"closed","template":"elementor_header_footer","meta":{"_jet_sm_ready_style":"","_jet_sm_style":"","_jet_sm_controls_values":"","_jet_sm_fonts_collection":"","_jet_sm_fonts_links":"","footnotes":""},"class_list":["post-3365","page","type-page","status-publish","hentry"],"yoast_head":"<!-- This site is optimized with the Yoast SEO plugin v27.4 - https:\/\/yoast.com\/product\/yoast-seo-wordpress\/ -->\n<title>Soutien professionnel - \u041a\u041c\u0410\u041f\u041f<\/title>\n<meta name=\"robots\" content=\"index, follow, max-snippet:-1, max-image-preview:large, max-video-preview:-1\" \/>\n<link rel=\"canonical\" href=\"https:\/\/kipta.org\/fr\/accompagnement-professionnel\/\" \/>\n<meta property=\"og:locale\" content=\"fr_FR\" \/>\n<meta property=\"og:type\" content=\"article\" \/>\n<meta property=\"og:title\" content=\"Soutien professionnel - \u041a\u041c\u0410\u041f\u041f\" \/>\n<meta property=\"og:description\" content=\"SOUTIEN PROFESSIONAL Tout comme les autres professionnels qui se consacrent \u00e0 l&rsquo;aide aux autres, les psychanalystes sont sujets au stress, \u00e0 l&rsquo;\u00e9puisement professionnel et \u00e0 l&rsquo;\u00e9puisement \u00e9motionnel. C&rsquo;est pourquoi le soutien professionnel est essentiel pour : &#8211; Prot\u00e9ger la sant\u00e9 mentale; &#8211; Am\u00e9liorer la qualit\u00e9 du travail; &#8211; Maintenir l&rsquo;\u00e9thique professionnelle; &#8211; Pr\u00e9server l&rsquo;\u00e9quilibre entre [&hellip;]\" \/>\n<meta property=\"og:url\" content=\"https:\/\/kipta.org\/fr\/accompagnement-professionnel\/\" \/>\n<meta property=\"og:site_name\" content=\"\u041a\u041c\u0410\u041f\u041f\" \/>\n<meta property=\"article:publisher\" content=\"https:\/\/www.facebook.com\/psychoanalystyanakorobko\" \/>\n<meta property=\"article:modified_time\" content=\"2024-06-26T13:56:19+00:00\" \/>\n<meta name=\"twitter:card\" content=\"summary_large_image\" \/>\n<meta name=\"twitter:label1\" content=\"Dur\u00e9e de lecture estim\u00e9e\" \/>\n\t<meta name=\"twitter:data1\" content=\"3 minutes\" \/>\n<script type=\"application\/ld+json\" class=\"yoast-schema-graph\">{\"@context\":\"https:\\\/\\\/schema.org\",\"@graph\":[{\"@type\":\"WebPage\",\"@id\":\"https:\\\/\\\/kipta.org\\\/fr\\\/accompagnement-professionnel\\\/\",\"url\":\"https:\\\/\\\/kipta.org\\\/fr\\\/accompagnement-professionnel\\\/\",\"name\":\"Soutien professionnel - \u041a\u041c\u0410\u041f\u041f\",\"isPartOf\":{\"@id\":\"https:\\\/\\\/kipta.org\\\/fr\\\/#website\"},\"datePublished\":\"2024-04-22T11:01:47+00:00\",\"dateModified\":\"2024-06-26T13:56:19+00:00\",\"breadcrumb\":{\"@id\":\"https:\\\/\\\/kipta.org\\\/fr\\\/accompagnement-professionnel\\\/#breadcrumb\"},\"inLanguage\":\"fr-FR\",\"potentialAction\":[{\"@type\":\"ReadAction\",\"target\":[\"https:\\\/\\\/kipta.org\\\/fr\\\/accompagnement-professionnel\\\/\"]}]},{\"@type\":\"BreadcrumbList\",\"@id\":\"https:\\\/\\\/kipta.org\\\/fr\\\/accompagnement-professionnel\\\/#breadcrumb\",\"itemListElement\":[{\"@type\":\"ListItem\",\"position\":1,\"name\":\"\u0413\u043e\u043b\u043e\u0432\u043d\u0430\",\"item\":\"https:\\\/\\\/kipta.org\\\/fr\\\/\"},{\"@type\":\"ListItem\",\"position\":2,\"name\":\"Soutien professionnel\"}]},{\"@type\":\"WebSite\",\"@id\":\"https:\\\/\\\/kipta.org\\\/fr\\\/#website\",\"url\":\"https:\\\/\\\/kipta.org\\\/fr\\\/\",\"name\":\"KIPTA\",\"description\":\"\u041a\u0418\u0407\u0412\u0421\u042c\u041a\u0410 \u041c\u0406\u0416\u041d\u0410\u0420\u041e\u0414\u041d\u0410 \u0410\u041a\u0410\u0414\u0415\u041c\u0406\u042f \u041f\u0406\u0414\u0413\u041e\u0422\u041e\u0412\u041a\u0418 \u041f\u0421\u0418\u0425\u041e\u0410\u041d\u0410\u041b\u0406\u0422\u0418\u041a\u0406\u0412\",\"publisher\":{\"@id\":\"https:\\\/\\\/kipta.org\\\/fr\\\/#organization\"},\"alternateName\":\"\u041a\u041c\u0410\u041f\u041f\",\"potentialAction\":[{\"@type\":\"SearchAction\",\"target\":{\"@type\":\"EntryPoint\",\"urlTemplate\":\"https:\\\/\\\/kipta.org\\\/fr\\\/?s={search_term_string}\"},\"query-input\":{\"@type\":\"PropertyValueSpecification\",\"valueRequired\":true,\"valueName\":\"search_term_string\"}}],\"inLanguage\":\"fr-FR\"},{\"@type\":\"Organization\",\"@id\":\"https:\\\/\\\/kipta.org\\\/fr\\\/#organization\",\"name\":\"\u041a\u041c\u0410\u041f\u041f\",\"url\":\"https:\\\/\\\/kipta.org\\\/fr\\\/\",\"logo\":{\"@type\":\"ImageObject\",\"inLanguage\":\"fr-FR\",\"@id\":\"https:\\\/\\\/kipta.org\\\/fr\\\/#\\\/schema\\\/logo\\\/image\\\/\",\"url\":\"https:\\\/\\\/kipta.org\\\/wp-content\\\/uploads\\\/2024\\\/06\\\/logo_en.webp\",\"contentUrl\":\"https:\\\/\\\/kipta.org\\\/wp-content\\\/uploads\\\/2024\\\/06\\\/logo_en.webp\",\"width\":512,\"height\":512,\"caption\":\"\u041a\u041c\u0410\u041f\u041f\"},\"image\":{\"@id\":\"https:\\\/\\\/kipta.org\\\/fr\\\/#\\\/schema\\\/logo\\\/image\\\/\"},\"sameAs\":[\"https:\\\/\\\/www.facebook.com\\\/psychoanalystyanakorobko\"]}]}<\/script>\n<!-- \/ Yoast SEO plugin. -->","yoast_head_json":{"title":"Soutien professionnel - \u041a\u041c\u0410\u041f\u041f","robots":{"index":"index","follow":"follow","max-snippet":"max-snippet:-1","max-image-preview":"max-image-preview:large","max-video-preview":"max-video-preview:-1"},"canonical":"https:\/\/kipta.org\/fr\/accompagnement-professionnel\/","og_locale":"fr_FR","og_type":"article","og_title":"Soutien professionnel - \u041a\u041c\u0410\u041f\u041f","og_description":"SOUTIEN PROFESSIONAL Tout comme les autres professionnels qui se consacrent \u00e0 l&rsquo;aide aux autres, les psychanalystes sont sujets au stress, \u00e0 l&rsquo;\u00e9puisement professionnel et \u00e0 l&rsquo;\u00e9puisement \u00e9motionnel. C&rsquo;est pourquoi le soutien professionnel est essentiel pour : &#8211; Prot\u00e9ger la sant\u00e9 mentale; &#8211; Am\u00e9liorer la qualit\u00e9 du travail; &#8211; Maintenir l&rsquo;\u00e9thique professionnelle; &#8211; Pr\u00e9server l&rsquo;\u00e9quilibre entre [&hellip;]","og_url":"https:\/\/kipta.org\/fr\/accompagnement-professionnel\/","og_site_name":"\u041a\u041c\u0410\u041f\u041f","article_publisher":"https:\/\/www.facebook.com\/psychoanalystyanakorobko","article_modified_time":"2024-06-26T13:56:19+00:00","twitter_card":"summary_large_image","twitter_misc":{"Dur\u00e9e de lecture estim\u00e9e":"3 minutes"},"schema":{"@context":"https:\/\/schema.org","@graph":[{"@type":"WebPage","@id":"https:\/\/kipta.org\/fr\/accompagnement-professionnel\/","url":"https:\/\/kipta.org\/fr\/accompagnement-professionnel\/","name":"Soutien professionnel - \u041a\u041c\u0410\u041f\u041f","isPartOf":{"@id":"https:\/\/kipta.org\/fr\/#website"},"datePublished":"2024-04-22T11:01:47+00:00","dateModified":"2024-06-26T13:56:19+00:00","breadcrumb":{"@id":"https:\/\/kipta.org\/fr\/accompagnement-professionnel\/#breadcrumb"},"inLanguage":"fr-FR","potentialAction":[{"@type":"ReadAction","target":["https:\/\/kipta.org\/fr\/accompagnement-professionnel\/"]}]},{"@type":"BreadcrumbList","@id":"https:\/\/kipta.org\/fr\/accompagnement-professionnel\/#breadcrumb","itemListElement":[{"@type":"ListItem","position":1,"name":"\u0413\u043e\u043b\u043e\u0432\u043d\u0430","item":"https:\/\/kipta.org\/fr\/"},{"@type":"ListItem","position":2,"name":"Soutien professionnel"}]},{"@type":"WebSite","@id":"https:\/\/kipta.org\/fr\/#website","url":"https:\/\/kipta.org\/fr\/","name":"KIPTA","description":"\u041a\u0418\u0407\u0412\u0421\u042c\u041a\u0410 \u041c\u0406\u0416\u041d\u0410\u0420\u041e\u0414\u041d\u0410 \u0410\u041a\u0410\u0414\u0415\u041c\u0406\u042f \u041f\u0406\u0414\u0413\u041e\u0422\u041e\u0412\u041a\u0418 \u041f\u0421\u0418\u0425\u041e\u0410\u041d\u0410\u041b\u0406\u0422\u0418\u041a\u0406\u0412","publisher":{"@id":"https:\/\/kipta.org\/fr\/#organization"},"alternateName":"\u041a\u041c\u0410\u041f\u041f","potentialAction":[{"@type":"SearchAction","target":{"@type":"EntryPoint","urlTemplate":"https:\/\/kipta.org\/fr\/?s={search_term_string}"},"query-input":{"@type":"PropertyValueSpecification","valueRequired":true,"valueName":"search_term_string"}}],"inLanguage":"fr-FR"},{"@type":"Organization","@id":"https:\/\/kipta.org\/fr\/#organization","name":"\u041a\u041c\u0410\u041f\u041f","url":"https:\/\/kipta.org\/fr\/","logo":{"@type":"ImageObject","inLanguage":"fr-FR","@id":"https:\/\/kipta.org\/fr\/#\/schema\/logo\/image\/","url":"https:\/\/kipta.org\/wp-content\/uploads\/2024\/06\/logo_en.webp","contentUrl":"https:\/\/kipta.org\/wp-content\/uploads\/2024\/06\/logo_en.webp","width":512,"height":512,"caption":"\u041a\u041c\u0410\u041f\u041f"},"image":{"@id":"https:\/\/kipta.org\/fr\/#\/schema\/logo\/image\/"},"sameAs":["https:\/\/www.facebook.com\/psychoanalystyanakorobko"]}]}},"_links":{"self":[{"href":"https:\/\/kipta.org\/fr\/wp-json\/wp\/v2\/pages\/3365","targetHints":{"allow":["GET"]}}],"collection":[{"href":"https:\/\/kipta.org\/fr\/wp-json\/wp\/v2\/pages"}],"about":[{"href":"https:\/\/kipta.org\/fr\/wp-json\/wp\/v2\/types\/page"}],"author":[{"embeddable":true,"href":"https:\/\/kipta.org\/fr\/wp-json\/wp\/v2\/users\/1"}],"replies":[{"embeddable":true,"href":"https:\/\/kipta.org\/fr\/wp-json\/wp\/v2\/comments?post=3365"}],"version-history":[{"count":11,"href":"https:\/\/kipta.org\/fr\/wp-json\/wp\/v2\/pages\/3365\/revisions"}],"predecessor-version":[{"id":3548,"href":"https:\/\/kipta.org\/fr\/wp-json\/wp\/v2\/pages\/3365\/revisions\/3548"}],"wp:attachment":[{"href":"https:\/\/kipta.org\/fr\/wp-json\/wp\/v2\/media?parent=3365"}],"curies":[{"name":"wp","href":"https:\/\/api.w.org\/{rel}","templated":true}]}}