{"id":3358,"date":"2024-04-22T13:59:30","date_gmt":"2024-04-22T10:59:30","guid":{"rendered":"https:\/\/kipta.org\/cours-video\/"},"modified":"2024-07-20T17:17:40","modified_gmt":"2024-07-20T14:17:40","slug":"cours-video","status":"publish","type":"page","link":"https:\/\/kipta.org\/fr\/cours-video\/","title":{"rendered":"Cours vid\u00e9o"},"content":{"rendered":"\t\t<div data-elementor-type=\"wp-page\" data-elementor-id=\"3358\" class=\"elementor elementor-3358 elementor-786\">\n\t\t\t\t\t\t<section class=\"elementor-section elementor-top-section elementor-element elementor-element-633272c elementor-section-boxed elementor-section-height-default elementor-section-height-default\" data-id=\"633272c\" data-element_type=\"section\" data-e-type=\"section\" data-settings=\"{&quot;jet_parallax_layout_list&quot;:[]}\">\n\t\t\t\t\t\t<div class=\"elementor-container elementor-column-gap-default\">\n\t\t\t\t\t<div class=\"elementor-column elementor-col-100 elementor-top-column elementor-element elementor-element-078e52e\" data-id=\"078e52e\" data-element_type=\"column\" data-e-type=\"column\">\n\t\t\t<div class=\"elementor-widget-wrap elementor-element-populated\">\n\t\t\t\t\t\t<div class=\"elementor-element elementor-element-783fa02 elementor-widget__width-auto elementor-widget elementor-widget-heading\" data-id=\"783fa02\" data-element_type=\"widget\" data-e-type=\"widget\" data-widget_type=\"heading.default\">\n\t\t\t\t<div class=\"elementor-widget-container\">\n\t\t\t\t\t<h2 class=\"elementor-heading-title elementor-size-default\">Cours vid\u00e9o<\/h2>\t\t\t\t<\/div>\n\t\t\t\t<\/div>\n\t\t\t\t<div class=\"elementor-element elementor-element-7be535a product__block elementor-widget elementor-widget-jet-woo-products\" data-id=\"7be535a\" data-element_type=\"widget\" data-e-type=\"widget\" data-settings=\"{&quot;columns&quot;:&quot;3&quot;,&quot;columns_tablet&quot;:&quot;2&quot;,&quot;columns_mobile&quot;:&quot;1&quot;}\" data-widget_type=\"jet-woo-products.default\">\n\t\t\t\t<div class=\"elementor-widget-container\">\n\t\t\t\t\t<div class=\"elementor-jet-woo-products jet-woo-builder\"><div class=\"jet-woo-products jet-woo-products--preset-1 col-row  \" data-mobile-hover=\"\" >\n<div class=\"jet-woo-products__item jet-woo-builder-product\" data-product-id=\"3416\">\n\t<div class=\"jet-woo-products__inner-box\"  >\n\t\t\n<div class=\"jet-woo-product-thumbnail\">\n\t\n\t<a href=\"https:\/\/kipta.org\/fr\/produit\/clinique-du-terrorisme-discours-dun-psychopathe-ou-perversion-du-fantasme-collectif\/\"><img fetchpriority=\"high\" decoding=\"async\" width=\"1280\" height=\"720\" src=\"https:\/\/kipta.org\/wp-content\/uploads\/2024\/06\/clinic-of-terrorism.webp\" class=\"attachment-full size-full\" alt=\"\" \/><\/a>\n\t<div class=\"jet-woo-product-img-overlay\"><\/div>\n\n\t\n\t<\/div><div class=\"jet-woo-product-title\"><a href=\"https:\/\/kipta.org\/fr\/produit\/clinique-du-terrorisme-discours-dun-psychopathe-ou-perversion-du-fantasme-collectif\/\">Clinique du terrorisme : discours d&rsquo;un psychopathe ou perversion du fantasme collectif?<\/a><\/div>\n<div class=\"jet-woo-product-button\">\n\t<a href=\"\/fr\/wp-json\/wp\/v2\/pages\/3358?add-to-cart=3416\" data-quantity=\"1\" class=\"button product_type_simple add_to_cart_button ajax_add_to_cart\" data-product_id=\"3416\" data-product_sku=\"\" aria-label=\"Ajouter au panier\u00a0: &ldquo;Clinique du terrorisme : discours d&#039;un psychopathe ou perversion du fantasme collectif?&rdquo;\" rel=\"nofollow\"><span class=\"button-text\">Ajouter au panier<\/span><\/a>\t<span id=\"woocommerce_loop_add_to_cart_link_describedby_3416\" class=\"screen-reader-text\">\n\t\t\t<\/span>\n<\/div>\n<div class=\"jet-woo-products-cqw-wrapper\">\n\t<\/div>\t<\/div>\n\n\t<\/div>\n<div class=\"jet-woo-products__item jet-woo-builder-product\" data-product-id=\"3419\">\n\t<div class=\"jet-woo-products__inner-box\"  >\n\t\t\n<div class=\"jet-woo-product-thumbnail\">\n\t\n\t<a href=\"https:\/\/kipta.org\/fr\/produit\/sexualite-du-monde-arabe\/\"><img decoding=\"async\" width=\"1280\" height=\"720\" src=\"https:\/\/kipta.org\/wp-content\/uploads\/2024\/06\/sexualities-of-the-arab-worls.webp\" class=\"attachment-full size-full\" alt=\"\" \/><\/a>\n\t<div class=\"jet-woo-product-img-overlay\"><\/div>\n\n\t\n\t<\/div><div class=\"jet-woo-product-title\"><a href=\"https:\/\/kipta.org\/fr\/produit\/sexualite-du-monde-arabe\/\">Sexualit\u00e9 du monde arabe<\/a><\/div>\n<div class=\"jet-woo-product-button\">\n\t<a href=\"\/fr\/wp-json\/wp\/v2\/pages\/3358?add-to-cart=3419\" data-quantity=\"1\" class=\"button product_type_simple add_to_cart_button ajax_add_to_cart\" data-product_id=\"3419\" data-product_sku=\"\" aria-label=\"Ajouter au panier\u00a0: &ldquo;Sexualit\u00e9 du monde arabe&rdquo;\" rel=\"nofollow\"><span class=\"button-text\">Ajouter au panier<\/span><\/a>\t<span id=\"woocommerce_loop_add_to_cart_link_describedby_3419\" class=\"screen-reader-text\">\n\t\t\t<\/span>\n<\/div>\n<div class=\"jet-woo-products-cqw-wrapper\">\n\t<\/div>\t<\/div>\n\n\t<\/div>\n<div class=\"jet-woo-products__item jet-woo-builder-product\" data-product-id=\"3421\">\n\t<div class=\"jet-woo-products__inner-box\"  >\n\t\t\n<div class=\"jet-woo-product-thumbnail\">\n\t\n\t<a href=\"https:\/\/kipta.org\/fr\/produit\/lest-societe-taboue-societe-de-linceste\/\"><img decoding=\"async\" width=\"1280\" height=\"720\" src=\"https:\/\/kipta.org\/wp-content\/uploads\/2024\/06\/the-east.webp\" class=\"attachment-full size-full\" alt=\"\" \/><\/a>\n\t<div class=\"jet-woo-product-img-overlay\"><\/div>\n\n\t\n\t<\/div><div class=\"jet-woo-product-title\"><a href=\"https:\/\/kipta.org\/fr\/produit\/lest-societe-taboue-societe-de-linceste\/\">L\u2019Est : soci\u00e9t\u00e9 taboue, soci\u00e9t\u00e9 de l\u2019inceste<\/a><\/div>\n<div class=\"jet-woo-product-button\">\n\t<a href=\"\/fr\/wp-json\/wp\/v2\/pages\/3358?add-to-cart=3421\" data-quantity=\"1\" class=\"button product_type_simple add_to_cart_button ajax_add_to_cart\" data-product_id=\"3421\" data-product_sku=\"\" aria-label=\"Ajouter au panier\u00a0: &ldquo;L\u2019Est : soci\u00e9t\u00e9 taboue, soci\u00e9t\u00e9 de l\u2019inceste&rdquo;\" rel=\"nofollow\"><span class=\"button-text\">Ajouter au panier<\/span><\/a>\t<span id=\"woocommerce_loop_add_to_cart_link_describedby_3421\" class=\"screen-reader-text\">\n\t\t\t<\/span>\n<\/div>\n<div class=\"jet-woo-products-cqw-wrapper\">\n\t<\/div>\t<\/div>\n\n\t<\/div>\n<div class=\"jet-woo-products__item jet-woo-builder-product\" data-product-id=\"3424\">\n\t<div class=\"jet-woo-products__inner-box\"  >\n\t\t\n<div class=\"jet-woo-product-thumbnail\">\n\t\n\t<a href=\"https:\/\/kipta.org\/fr\/produit\/regarder-sous-le-hijab\/\"><img loading=\"lazy\" decoding=\"async\" width=\"1280\" height=\"720\" src=\"https:\/\/kipta.org\/wp-content\/uploads\/2024\/06\/behind-the-hijab.webp\" class=\"attachment-full size-full\" alt=\"\" \/><\/a>\n\t<div class=\"jet-woo-product-img-overlay\"><\/div>\n\n\t\n\t<\/div><div class=\"jet-woo-product-title\"><a href=\"https:\/\/kipta.org\/fr\/produit\/regarder-sous-le-hijab\/\">Regarder sous le hijab<\/a><\/div>\n<div class=\"jet-woo-product-button\">\n\t<a href=\"\/fr\/wp-json\/wp\/v2\/pages\/3358?add-to-cart=3424\" data-quantity=\"1\" class=\"button product_type_simple add_to_cart_button ajax_add_to_cart\" data-product_id=\"3424\" data-product_sku=\"\" aria-label=\"Ajouter au panier\u00a0: &ldquo;Regarder sous le hijab&rdquo;\" rel=\"nofollow\"><span class=\"button-text\">Ajouter au panier<\/span><\/a>\t<span id=\"woocommerce_loop_add_to_cart_link_describedby_3424\" class=\"screen-reader-text\">\n\t\t\t<\/span>\n<\/div>\n<div class=\"jet-woo-products-cqw-wrapper\">\n\t<\/div>\t<\/div>\n\n\t<\/div>\n<div class=\"jet-woo-products__item jet-woo-builder-product\" data-product-id=\"3429\">\n\t<div class=\"jet-woo-products__inner-box\"  >\n\t\t\n<div class=\"jet-woo-product-thumbnail\">\n\t\n\t<a href=\"https:\/\/kipta.org\/fr\/produit\/epouser-isis-quelles-etaient-les-motivations-derriere-leur-choix\/\"><img loading=\"lazy\" decoding=\"async\" width=\"1280\" height=\"720\" src=\"https:\/\/kipta.org\/wp-content\/uploads\/2024\/06\/to-marry-isis.webp\" class=\"attachment-full size-full\" alt=\"\" \/><\/a>\n\t<div class=\"jet-woo-product-img-overlay\"><\/div>\n\n\t\n\t<\/div><div class=\"jet-woo-product-title\"><a href=\"https:\/\/kipta.org\/fr\/produit\/epouser-isis-quelles-etaient-les-motivations-derriere-leur-choix\/\">\u00c9pouser ISIS: quelles \u00e9taient les motivations derri\u00e8re leur choix?<\/a><\/div>\n<div class=\"jet-woo-product-button\">\n\t<a href=\"\/fr\/wp-json\/wp\/v2\/pages\/3358?add-to-cart=3429\" data-quantity=\"1\" class=\"button product_type_simple add_to_cart_button ajax_add_to_cart\" data-product_id=\"3429\" data-product_sku=\"\" aria-label=\"Ajouter au panier\u00a0: &ldquo;\u00c9pouser ISIS: quelles \u00e9taient les motivations derri\u00e8re leur choix?&rdquo;\" rel=\"nofollow\"><span class=\"button-text\">Ajouter au panier<\/span><\/a>\t<span id=\"woocommerce_loop_add_to_cart_link_describedby_3429\" class=\"screen-reader-text\">\n\t\t\t<\/span>\n<\/div>\n<div class=\"jet-woo-products-cqw-wrapper\">\n\t<\/div>\t<\/div>\n\n\t<\/div>\n<div class=\"jet-woo-products__item jet-woo-builder-product\" data-product-id=\"3431\">\n\t<div class=\"jet-woo-products__inner-box\"  >\n\t\t\n<div class=\"jet-woo-product-thumbnail\">\n\t\n\t<a href=\"https:\/\/kipta.org\/fr\/produit\/reflexions-sur-les-recits-de-femmes-ayant-vecu-dans-des-harems\/\"><img loading=\"lazy\" decoding=\"async\" width=\"1280\" height=\"720\" src=\"https:\/\/kipta.org\/wp-content\/uploads\/2024\/06\/narratives-of-women.webp\" class=\"attachment-full size-full\" alt=\"\" \/><\/a>\n\t<div class=\"jet-woo-product-img-overlay\"><\/div>\n\n\t\n\t<\/div><div class=\"jet-woo-product-title\"><a href=\"https:\/\/kipta.org\/fr\/produit\/reflexions-sur-les-recits-de-femmes-ayant-vecu-dans-des-harems\/\">R\u00e9flexions sur les r\u00e9cits de femmes ayant v\u00e9cu dans des harems<\/a><\/div>\n<div class=\"jet-woo-product-button\">\n\t<a href=\"\/fr\/wp-json\/wp\/v2\/pages\/3358?add-to-cart=3431\" data-quantity=\"1\" class=\"button product_type_simple add_to_cart_button ajax_add_to_cart\" data-product_id=\"3431\" data-product_sku=\"\" aria-label=\"Ajouter au panier\u00a0: &ldquo;R\u00e9flexions sur les r\u00e9cits de femmes ayant v\u00e9cu dans des harems&rdquo;\" rel=\"nofollow\"><span class=\"button-text\">Ajouter au panier<\/span><\/a>\t<span id=\"woocommerce_loop_add_to_cart_link_describedby_3431\" class=\"screen-reader-text\">\n\t\t\t<\/span>\n<\/div>\n<div class=\"jet-woo-products-cqw-wrapper\">\n\t<\/div>\t<\/div>\n\n\t<\/div>\n<div class=\"jet-woo-products__item jet-woo-builder-product\" data-product-id=\"3433\">\n\t<div class=\"jet-woo-products__inner-box\"  >\n\t\t\n<div class=\"jet-woo-product-thumbnail\">\n\t\n\t<a href=\"https:\/\/kipta.org\/fr\/produit\/experience-psychanalytique-des-mille-et-une-nuits\/\"><img loading=\"lazy\" decoding=\"async\" width=\"1280\" height=\"720\" src=\"https:\/\/kipta.org\/wp-content\/uploads\/2024\/06\/psychoanalytic-experience-of-1001-nights.webp\" class=\"attachment-full size-full\" alt=\"\" \/><\/a>\n\t<div class=\"jet-woo-product-img-overlay\"><\/div>\n\n\t\n\t<\/div><div class=\"jet-woo-product-title\"><a href=\"https:\/\/kipta.org\/fr\/produit\/experience-psychanalytique-des-mille-et-une-nuits\/\">Exp\u00e9rience psychanalytique des Mille et Une Nuits<\/a><\/div>\n<div class=\"jet-woo-product-button\">\n\t<a href=\"\/fr\/wp-json\/wp\/v2\/pages\/3358?add-to-cart=3433\" data-quantity=\"1\" class=\"button product_type_simple add_to_cart_button ajax_add_to_cart\" data-product_id=\"3433\" data-product_sku=\"\" aria-label=\"Ajouter au panier\u00a0: &ldquo;Exp\u00e9rience psychanalytique des Mille et Une Nuits&rdquo;\" rel=\"nofollow\"><span class=\"button-text\">Ajouter au panier<\/span><\/a>\t<span id=\"woocommerce_loop_add_to_cart_link_describedby_3433\" class=\"screen-reader-text\">\n\t\t\t<\/span>\n<\/div>\n<div class=\"jet-woo-products-cqw-wrapper\">\n\t<\/div>\t<\/div>\n\n\t<\/div><\/div>\n<\/div>\t\t\t\t<\/div>\n\t\t\t\t<\/div>\n\t\t\t\t\t<\/div>\n\t\t<\/div>\n\t\t\t\t\t<\/div>\n\t\t<\/section>\n\t\t\t\t<\/div>\n\t\t","protected":false},"excerpt":{"rendered":"<p>Cours vid\u00e9o Clinica del terrorismo: discorso del psicopatico o perversione del fanatismo collettivo? \u0414\u043e\u0434\u0430\u0442\u0438 \u0432 \u043a\u043e\u0448\u0438\u043a Sessualit\u00e0 del mondo arabo \u0414\u043e\u0434\u0430\u0442\u0438 \u0432 \u043a\u043e\u0448\u0438\u043a Est: societ\u00e0 dei tab\u00f9, societ\u00e0 dell&#8217;incesto \u0414\u043e\u0434\u0430\u0442\u0438 \u0432 \u043a\u043e\u0448\u0438\u043a Il Sguardo sotto l&#8217;hijab \u0414\u043e\u0434\u0430\u0442\u0438 \u0432 \u043a\u043e\u0448\u0438\u043a Sposarsi con l&#8217;ISIS: perch\u00e9 hanno fatto questa scelta? \u0414\u043e\u0434\u0430\u0442\u0438 \u0432 \u043a\u043e\u0448\u0438\u043a Dalle storie di pazienti che [&hellip;]<\/p>\n","protected":false},"author":1,"featured_media":0,"parent":0,"menu_order":0,"comment_status":"closed","ping_status":"closed","template":"elementor_header_footer","meta":{"_jet_sm_ready_style":"","_jet_sm_style":"","_jet_sm_controls_values":"","_jet_sm_fonts_collection":"","_jet_sm_fonts_links":"","footnotes":""},"class_list":["post-3358","page","type-page","status-publish","hentry"],"yoast_head":"<!-- This site is optimized with the Yoast SEO plugin v27.4 - https:\/\/yoast.com\/product\/yoast-seo-wordpress\/ -->\n<title>Cours vid\u00e9o - \u041a\u041c\u0410\u041f\u041f<\/title>\n<meta name=\"robots\" content=\"index, follow, max-snippet:-1, max-image-preview:large, max-video-preview:-1\" \/>\n<link rel=\"canonical\" href=\"https:\/\/kipta.org\/fr\/cours-video\/\" \/>\n<meta property=\"og:locale\" content=\"fr_FR\" \/>\n<meta property=\"og:type\" content=\"article\" \/>\n<meta property=\"og:title\" content=\"Cours vid\u00e9o - \u041a\u041c\u0410\u041f\u041f\" \/>\n<meta property=\"og:description\" content=\"Cours vid\u00e9o Clinica del terrorismo: discorso del psicopatico o perversione del fanatismo collettivo? \u0414\u043e\u0434\u0430\u0442\u0438 \u0432 \u043a\u043e\u0448\u0438\u043a Sessualit\u00e0 del mondo arabo \u0414\u043e\u0434\u0430\u0442\u0438 \u0432 \u043a\u043e\u0448\u0438\u043a Est: societ\u00e0 dei tab\u00f9, societ\u00e0 dell&#8217;incesto \u0414\u043e\u0434\u0430\u0442\u0438 \u0432 \u043a\u043e\u0448\u0438\u043a Il Sguardo sotto l&#8217;hijab \u0414\u043e\u0434\u0430\u0442\u0438 \u0432 \u043a\u043e\u0448\u0438\u043a Sposarsi con l&#8217;ISIS: perch\u00e9 hanno fatto questa scelta? \u0414\u043e\u0434\u0430\u0442\u0438 \u0432 \u043a\u043e\u0448\u0438\u043a Dalle storie di pazienti che [&hellip;]\" \/>\n<meta property=\"og:url\" content=\"https:\/\/kipta.org\/fr\/cours-video\/\" \/>\n<meta property=\"og:site_name\" content=\"\u041a\u041c\u0410\u041f\u041f\" \/>\n<meta property=\"article:publisher\" content=\"https:\/\/www.facebook.com\/psychoanalystyanakorobko\" \/>\n<meta property=\"article:modified_time\" content=\"2024-07-20T14:17:40+00:00\" \/>\n<meta property=\"og:image\" content=\"https:\/\/kipta.org\/wp-content\/uploads\/2024\/07\/clinic-of-terrorism.webp\" \/>\n<meta name=\"twitter:card\" content=\"summary_large_image\" \/>\n<script type=\"application\/ld+json\" class=\"yoast-schema-graph\">{\"@context\":\"https:\\\/\\\/schema.org\",\"@graph\":[{\"@type\":\"WebPage\",\"@id\":\"https:\\\/\\\/kipta.org\\\/fr\\\/cours-video\\\/\",\"url\":\"https:\\\/\\\/kipta.org\\\/fr\\\/cours-video\\\/\",\"name\":\"Cours vid\u00e9o - \u041a\u041c\u0410\u041f\u041f\",\"isPartOf\":{\"@id\":\"https:\\\/\\\/kipta.org\\\/fr\\\/#website\"},\"primaryImageOfPage\":{\"@id\":\"https:\\\/\\\/kipta.org\\\/fr\\\/cours-video\\\/#primaryimage\"},\"image\":{\"@id\":\"https:\\\/\\\/kipta.org\\\/fr\\\/cours-video\\\/#primaryimage\"},\"thumbnailUrl\":\"https:\\\/\\\/kipta.org\\\/wp-content\\\/uploads\\\/2024\\\/07\\\/clinic-of-terrorism.webp\",\"datePublished\":\"2024-04-22T10:59:30+00:00\",\"dateModified\":\"2024-07-20T14:17:40+00:00\",\"breadcrumb\":{\"@id\":\"https:\\\/\\\/kipta.org\\\/fr\\\/cours-video\\\/#breadcrumb\"},\"inLanguage\":\"fr-FR\",\"potentialAction\":[{\"@type\":\"ReadAction\",\"target\":[\"https:\\\/\\\/kipta.org\\\/fr\\\/cours-video\\\/\"]}]},{\"@type\":\"ImageObject\",\"inLanguage\":\"fr-FR\",\"@id\":\"https:\\\/\\\/kipta.org\\\/fr\\\/cours-video\\\/#primaryimage\",\"url\":\"https:\\\/\\\/kipta.org\\\/wp-content\\\/uploads\\\/2024\\\/07\\\/clinic-of-terrorism.webp\",\"contentUrl\":\"https:\\\/\\\/kipta.org\\\/wp-content\\\/uploads\\\/2024\\\/07\\\/clinic-of-terrorism.webp\"},{\"@type\":\"BreadcrumbList\",\"@id\":\"https:\\\/\\\/kipta.org\\\/fr\\\/cours-video\\\/#breadcrumb\",\"itemListElement\":[{\"@type\":\"ListItem\",\"position\":1,\"name\":\"\u0413\u043e\u043b\u043e\u0432\u043d\u0430\",\"item\":\"https:\\\/\\\/kipta.org\\\/fr\\\/\"},{\"@type\":\"ListItem\",\"position\":2,\"name\":\"Cours vid\u00e9o\"}]},{\"@type\":\"WebSite\",\"@id\":\"https:\\\/\\\/kipta.org\\\/fr\\\/#website\",\"url\":\"https:\\\/\\\/kipta.org\\\/fr\\\/\",\"name\":\"KIPTA\",\"description\":\"\u041a\u0418\u0407\u0412\u0421\u042c\u041a\u0410 \u041c\u0406\u0416\u041d\u0410\u0420\u041e\u0414\u041d\u0410 \u0410\u041a\u0410\u0414\u0415\u041c\u0406\u042f \u041f\u0406\u0414\u0413\u041e\u0422\u041e\u0412\u041a\u0418 \u041f\u0421\u0418\u0425\u041e\u0410\u041d\u0410\u041b\u0406\u0422\u0418\u041a\u0406\u0412\",\"publisher\":{\"@id\":\"https:\\\/\\\/kipta.org\\\/fr\\\/#organization\"},\"alternateName\":\"\u041a\u041c\u0410\u041f\u041f\",\"potentialAction\":[{\"@type\":\"SearchAction\",\"target\":{\"@type\":\"EntryPoint\",\"urlTemplate\":\"https:\\\/\\\/kipta.org\\\/fr\\\/?s={search_term_string}\"},\"query-input\":{\"@type\":\"PropertyValueSpecification\",\"valueRequired\":true,\"valueName\":\"search_term_string\"}}],\"inLanguage\":\"fr-FR\"},{\"@type\":\"Organization\",\"@id\":\"https:\\\/\\\/kipta.org\\\/fr\\\/#organization\",\"name\":\"\u041a\u041c\u0410\u041f\u041f\",\"url\":\"https:\\\/\\\/kipta.org\\\/fr\\\/\",\"logo\":{\"@type\":\"ImageObject\",\"inLanguage\":\"fr-FR\",\"@id\":\"https:\\\/\\\/kipta.org\\\/fr\\\/#\\\/schema\\\/logo\\\/image\\\/\",\"url\":\"https:\\\/\\\/kipta.org\\\/wp-content\\\/uploads\\\/2024\\\/06\\\/logo_en.webp\",\"contentUrl\":\"https:\\\/\\\/kipta.org\\\/wp-content\\\/uploads\\\/2024\\\/06\\\/logo_en.webp\",\"width\":512,\"height\":512,\"caption\":\"\u041a\u041c\u0410\u041f\u041f\"},\"image\":{\"@id\":\"https:\\\/\\\/kipta.org\\\/fr\\\/#\\\/schema\\\/logo\\\/image\\\/\"},\"sameAs\":[\"https:\\\/\\\/www.facebook.com\\\/psychoanalystyanakorobko\"]}]}<\/script>\n<!-- \/ Yoast SEO plugin. -->","yoast_head_json":{"title":"Cours vid\u00e9o - \u041a\u041c\u0410\u041f\u041f","robots":{"index":"index","follow":"follow","max-snippet":"max-snippet:-1","max-image-preview":"max-image-preview:large","max-video-preview":"max-video-preview:-1"},"canonical":"https:\/\/kipta.org\/fr\/cours-video\/","og_locale":"fr_FR","og_type":"article","og_title":"Cours vid\u00e9o - \u041a\u041c\u0410\u041f\u041f","og_description":"Cours vid\u00e9o Clinica del terrorismo: discorso del psicopatico o perversione del fanatismo collettivo? \u0414\u043e\u0434\u0430\u0442\u0438 \u0432 \u043a\u043e\u0448\u0438\u043a Sessualit\u00e0 del mondo arabo \u0414\u043e\u0434\u0430\u0442\u0438 \u0432 \u043a\u043e\u0448\u0438\u043a Est: societ\u00e0 dei tab\u00f9, societ\u00e0 dell&#8217;incesto \u0414\u043e\u0434\u0430\u0442\u0438 \u0432 \u043a\u043e\u0448\u0438\u043a Il Sguardo sotto l&#8217;hijab \u0414\u043e\u0434\u0430\u0442\u0438 \u0432 \u043a\u043e\u0448\u0438\u043a Sposarsi con l&#8217;ISIS: perch\u00e9 hanno fatto questa scelta? \u0414\u043e\u0434\u0430\u0442\u0438 \u0432 \u043a\u043e\u0448\u0438\u043a Dalle storie di pazienti che [&hellip;]","og_url":"https:\/\/kipta.org\/fr\/cours-video\/","og_site_name":"\u041a\u041c\u0410\u041f\u041f","article_publisher":"https:\/\/www.facebook.com\/psychoanalystyanakorobko","article_modified_time":"2024-07-20T14:17:40+00:00","og_image":[{"url":"https:\/\/kipta.org\/wp-content\/uploads\/2024\/07\/clinic-of-terrorism.webp","type":"","width":"","height":""}],"twitter_card":"summary_large_image","schema":{"@context":"https:\/\/schema.org","@graph":[{"@type":"WebPage","@id":"https:\/\/kipta.org\/fr\/cours-video\/","url":"https:\/\/kipta.org\/fr\/cours-video\/","name":"Cours vid\u00e9o - \u041a\u041c\u0410\u041f\u041f","isPartOf":{"@id":"https:\/\/kipta.org\/fr\/#website"},"primaryImageOfPage":{"@id":"https:\/\/kipta.org\/fr\/cours-video\/#primaryimage"},"image":{"@id":"https:\/\/kipta.org\/fr\/cours-video\/#primaryimage"},"thumbnailUrl":"https:\/\/kipta.org\/wp-content\/uploads\/2024\/07\/clinic-of-terrorism.webp","datePublished":"2024-04-22T10:59:30+00:00","dateModified":"2024-07-20T14:17:40+00:00","breadcrumb":{"@id":"https:\/\/kipta.org\/fr\/cours-video\/#breadcrumb"},"inLanguage":"fr-FR","potentialAction":[{"@type":"ReadAction","target":["https:\/\/kipta.org\/fr\/cours-video\/"]}]},{"@type":"ImageObject","inLanguage":"fr-FR","@id":"https:\/\/kipta.org\/fr\/cours-video\/#primaryimage","url":"https:\/\/kipta.org\/wp-content\/uploads\/2024\/07\/clinic-of-terrorism.webp","contentUrl":"https:\/\/kipta.org\/wp-content\/uploads\/2024\/07\/clinic-of-terrorism.webp"},{"@type":"BreadcrumbList","@id":"https:\/\/kipta.org\/fr\/cours-video\/#breadcrumb","itemListElement":[{"@type":"ListItem","position":1,"name":"\u0413\u043e\u043b\u043e\u0432\u043d\u0430","item":"https:\/\/kipta.org\/fr\/"},{"@type":"ListItem","position":2,"name":"Cours vid\u00e9o"}]},{"@type":"WebSite","@id":"https:\/\/kipta.org\/fr\/#website","url":"https:\/\/kipta.org\/fr\/","name":"KIPTA","description":"\u041a\u0418\u0407\u0412\u0421\u042c\u041a\u0410 \u041c\u0406\u0416\u041d\u0410\u0420\u041e\u0414\u041d\u0410 \u0410\u041a\u0410\u0414\u0415\u041c\u0406\u042f \u041f\u0406\u0414\u0413\u041e\u0422\u041e\u0412\u041a\u0418 \u041f\u0421\u0418\u0425\u041e\u0410\u041d\u0410\u041b\u0406\u0422\u0418\u041a\u0406\u0412","publisher":{"@id":"https:\/\/kipta.org\/fr\/#organization"},"alternateName":"\u041a\u041c\u0410\u041f\u041f","potentialAction":[{"@type":"SearchAction","target":{"@type":"EntryPoint","urlTemplate":"https:\/\/kipta.org\/fr\/?s={search_term_string}"},"query-input":{"@type":"PropertyValueSpecification","valueRequired":true,"valueName":"search_term_string"}}],"inLanguage":"fr-FR"},{"@type":"Organization","@id":"https:\/\/kipta.org\/fr\/#organization","name":"\u041a\u041c\u0410\u041f\u041f","url":"https:\/\/kipta.org\/fr\/","logo":{"@type":"ImageObject","inLanguage":"fr-FR","@id":"https:\/\/kipta.org\/fr\/#\/schema\/logo\/image\/","url":"https:\/\/kipta.org\/wp-content\/uploads\/2024\/06\/logo_en.webp","contentUrl":"https:\/\/kipta.org\/wp-content\/uploads\/2024\/06\/logo_en.webp","width":512,"height":512,"caption":"\u041a\u041c\u0410\u041f\u041f"},"image":{"@id":"https:\/\/kipta.org\/fr\/#\/schema\/logo\/image\/"},"sameAs":["https:\/\/www.facebook.com\/psychoanalystyanakorobko"]}]}},"_links":{"self":[{"href":"https:\/\/kipta.org\/fr\/wp-json\/wp\/v2\/pages\/3358","targetHints":{"allow":["GET"]}}],"collection":[{"href":"https:\/\/kipta.org\/fr\/wp-json\/wp\/v2\/pages"}],"about":[{"href":"https:\/\/kipta.org\/fr\/wp-json\/wp\/v2\/types\/page"}],"author":[{"embeddable":true,"href":"https:\/\/kipta.org\/fr\/wp-json\/wp\/v2\/users\/1"}],"replies":[{"embeddable":true,"href":"https:\/\/kipta.org\/fr\/wp-json\/wp\/v2\/comments?post=3358"}],"version-history":[{"count":15,"href":"https:\/\/kipta.org\/fr\/wp-json\/wp\/v2\/pages\/3358\/revisions"}],"predecessor-version":[{"id":4386,"href":"https:\/\/kipta.org\/fr\/wp-json\/wp\/v2\/pages\/3358\/revisions\/4386"}],"wp:attachment":[{"href":"https:\/\/kipta.org\/fr\/wp-json\/wp\/v2\/media?parent=3358"}],"curies":[{"name":"wp","href":"https:\/\/api.w.org\/{rel}","templated":true}]}}