{"id":2189,"date":"2024-04-22T13:59:30","date_gmt":"2024-04-22T10:59:30","guid":{"rendered":"https:\/\/kipta.org\/video-courses\/"},"modified":"2024-07-20T17:17:39","modified_gmt":"2024-07-20T14:17:39","slug":"video-courses","status":"publish","type":"page","link":"https:\/\/kipta.org\/en\/video-courses\/","title":{"rendered":"Video courses"},"content":{"rendered":"\t\t<div data-elementor-type=\"wp-page\" data-elementor-id=\"2189\" class=\"elementor elementor-2189 elementor-786\">\n\t\t\t\t\t\t<section class=\"elementor-section elementor-top-section elementor-element elementor-element-633272c elementor-section-boxed elementor-section-height-default elementor-section-height-default\" data-id=\"633272c\" data-element_type=\"section\" data-e-type=\"section\" data-settings=\"{&quot;jet_parallax_layout_list&quot;:[]}\">\n\t\t\t\t\t\t<div class=\"elementor-container elementor-column-gap-default\">\n\t\t\t\t\t<div class=\"elementor-column elementor-col-100 elementor-top-column elementor-element elementor-element-078e52e\" data-id=\"078e52e\" data-element_type=\"column\" data-e-type=\"column\">\n\t\t\t<div class=\"elementor-widget-wrap elementor-element-populated\">\n\t\t\t\t\t\t<div class=\"elementor-element elementor-element-783fa02 elementor-widget__width-auto elementor-widget elementor-widget-heading\" data-id=\"783fa02\" data-element_type=\"widget\" data-e-type=\"widget\" data-widget_type=\"heading.default\">\n\t\t\t\t<div class=\"elementor-widget-container\">\n\t\t\t\t\t<h2 class=\"elementor-heading-title elementor-size-default\">Video courses<\/h2>\t\t\t\t<\/div>\n\t\t\t\t<\/div>\n\t\t\t\t<div class=\"elementor-element elementor-element-7be535a product__block elementor-widget elementor-widget-jet-woo-products\" data-id=\"7be535a\" data-element_type=\"widget\" data-e-type=\"widget\" data-settings=\"{&quot;columns&quot;:&quot;3&quot;,&quot;columns_tablet&quot;:&quot;2&quot;,&quot;columns_mobile&quot;:&quot;1&quot;}\" data-widget_type=\"jet-woo-products.default\">\n\t\t\t\t<div class=\"elementor-widget-container\">\n\t\t\t\t\t<div class=\"elementor-jet-woo-products jet-woo-builder\"><div class=\"jet-woo-products jet-woo-products--preset-1 col-row  \" data-mobile-hover=\"\" >\n<div class=\"jet-woo-products__item jet-woo-builder-product\" data-product-id=\"6671\">\n\t<div class=\"jet-woo-products__inner-box\"  >\n\t\t\n<div class=\"jet-woo-product-thumbnail\">\n\t\n\t<a href=\"https:\/\/kipta.org\/en\/product\/anatomy-of-unconscious-alliances\/\"><img fetchpriority=\"high\" decoding=\"async\" width=\"1920\" height=\"1080\" src=\"https:\/\/kipta.org\/wp-content\/uploads\/2025\/07\/unconscious-unions.webp\" class=\"attachment-full size-full\" alt=\"\" \/><\/a>\n\t<div class=\"jet-woo-product-img-overlay\"><\/div>\n\n\t\n\t<\/div><div class=\"jet-woo-product-title\"><a href=\"https:\/\/kipta.org\/en\/product\/anatomy-of-unconscious-alliances\/\">Anatomy of Unconscious Alliances<\/a><\/div>\n<div class=\"jet-woo-product-button\">\n\t<a href=\"https:\/\/kipta.org\/en\/product\/anatomy-of-unconscious-alliances\/\" data-quantity=\"1\" class=\"button product_type_variable add_to_cart_button\" data-product_id=\"6671\" data-product_sku=\"\" aria-label=\"Select options for &ldquo;Anatomy of Unconscious Alliances&rdquo;\" rel=\"nofollow\"><span class=\"button-text\">\u041f\u0440\u0438\u0434\u0431\u0430\u0442\u0438<\/span><\/a>\t<span id=\"woocommerce_loop_add_to_cart_link_describedby_6671\" class=\"screen-reader-text\">\n\t\tThis product has multiple variants. The options may be chosen on the product page\t<\/span>\n<\/div>\n<div class=\"jet-woo-products-cqw-wrapper\">\n\t<\/div>\t<\/div>\n\n\t<\/div>\n<div class=\"jet-woo-products__item jet-woo-builder-product\" data-product-id=\"2218\">\n\t<div class=\"jet-woo-products__inner-box\"  >\n\t\t\n<div class=\"jet-woo-product-thumbnail\">\n\t\n\t<a href=\"https:\/\/kipta.org\/en\/product\/clinic-of-terrorism-the-discourse-of-a-psychopath-or-a-perversion-of-collective-phantasm\/\"><img decoding=\"async\" width=\"1280\" height=\"720\" src=\"https:\/\/kipta.org\/wp-content\/uploads\/2024\/05\/clinic-of-terrorism.jpg\" class=\"attachment-full size-full\" alt=\"\" \/><\/a>\n\t<div class=\"jet-woo-product-img-overlay\"><\/div>\n\n\t\n\t<\/div><div class=\"jet-woo-product-title\"><a href=\"https:\/\/kipta.org\/en\/product\/clinic-of-terrorism-the-discourse-of-a-psychopath-or-a-perversion-of-collective-phantasm\/\">Clinic of terrorism: the discourse of a psychopath or a perversion of collective phantasm?<\/a><\/div>\n<div class=\"jet-woo-product-button\">\n\t<a href=\"\/en\/wp-json\/wp\/v2\/pages\/2189?add-to-cart=2218\" data-quantity=\"1\" class=\"button product_type_simple add_to_cart_button ajax_add_to_cart\" data-product_id=\"2218\" data-product_sku=\"\" aria-label=\"Add to cart: &ldquo;Clinic of terrorism: the discourse of a psychopath or a perversion of collective phantasm?&rdquo;\" rel=\"nofollow\"><span class=\"button-text\">Add to cart<\/span><\/a>\t<span id=\"woocommerce_loop_add_to_cart_link_describedby_2218\" class=\"screen-reader-text\">\n\t\t\t<\/span>\n<\/div>\n<div class=\"jet-woo-products-cqw-wrapper\">\n\t<\/div>\t<\/div>\n\n\t<\/div>\n<div class=\"jet-woo-products__item jet-woo-builder-product\" data-product-id=\"2234\">\n\t<div class=\"jet-woo-products__inner-box\"  >\n\t\t\n<div class=\"jet-woo-product-thumbnail\">\n\t\n\t<a href=\"https:\/\/kipta.org\/en\/product\/sexualities-of-the-arab-world\/\"><img decoding=\"async\" width=\"1280\" height=\"720\" src=\"https:\/\/kipta.org\/wp-content\/uploads\/2024\/05\/sexualities-of-the-arab-worls.jpg\" class=\"attachment-full size-full\" alt=\"\" \/><\/a>\n\t<div class=\"jet-woo-product-img-overlay\"><\/div>\n\n\t\n\t<\/div><div class=\"jet-woo-product-title\"><a href=\"https:\/\/kipta.org\/en\/product\/sexualities-of-the-arab-world\/\">Sexualities of the Arab world<\/a><\/div>\n<div class=\"jet-woo-product-button\">\n\t<a href=\"\/en\/wp-json\/wp\/v2\/pages\/2189?add-to-cart=2234\" data-quantity=\"1\" class=\"button product_type_simple add_to_cart_button ajax_add_to_cart\" data-product_id=\"2234\" data-product_sku=\"\" aria-label=\"Add to cart: &ldquo;Sexualities of the Arab world&rdquo;\" rel=\"nofollow\"><span class=\"button-text\">Add to cart<\/span><\/a>\t<span id=\"woocommerce_loop_add_to_cart_link_describedby_2234\" class=\"screen-reader-text\">\n\t\t\t<\/span>\n<\/div>\n<div class=\"jet-woo-products-cqw-wrapper\">\n\t<\/div>\t<\/div>\n\n\t<\/div>\n<div class=\"jet-woo-products__item jet-woo-builder-product\" data-product-id=\"2235\">\n\t<div class=\"jet-woo-products__inner-box\"  >\n\t\t\n<div class=\"jet-woo-product-thumbnail\">\n\t\n\t<a href=\"https:\/\/kipta.org\/en\/product\/the-east-society-of-taboo-society-of-incest\/\"><img loading=\"lazy\" decoding=\"async\" width=\"1280\" height=\"720\" src=\"https:\/\/kipta.org\/wp-content\/uploads\/2024\/05\/the-east.jpg\" class=\"attachment-full size-full\" alt=\"\" \/><\/a>\n\t<div class=\"jet-woo-product-img-overlay\"><\/div>\n\n\t\n\t<\/div><div class=\"jet-woo-product-title\"><a href=\"https:\/\/kipta.org\/en\/product\/the-east-society-of-taboo-society-of-incest\/\">The East: society of taboo, society of incest<\/a><\/div>\n<div class=\"jet-woo-product-button\">\n\t<a href=\"\/en\/wp-json\/wp\/v2\/pages\/2189?add-to-cart=2235\" data-quantity=\"1\" class=\"button product_type_simple add_to_cart_button ajax_add_to_cart\" data-product_id=\"2235\" data-product_sku=\"\" aria-label=\"Add to cart: &ldquo;The East: society of taboo, society of incest&rdquo;\" rel=\"nofollow\"><span class=\"button-text\">Add to cart<\/span><\/a>\t<span id=\"woocommerce_loop_add_to_cart_link_describedby_2235\" class=\"screen-reader-text\">\n\t\t\t<\/span>\n<\/div>\n<div class=\"jet-woo-products-cqw-wrapper\">\n\t<\/div>\t<\/div>\n\n\t<\/div>\n<div class=\"jet-woo-products__item jet-woo-builder-product\" data-product-id=\"2236\">\n\t<div class=\"jet-woo-products__inner-box\"  >\n\t\t\n<div class=\"jet-woo-product-thumbnail\">\n\t\n\t<a href=\"https:\/\/kipta.org\/en\/product\/behind-the-hijab\/\"><img loading=\"lazy\" decoding=\"async\" width=\"1280\" height=\"720\" src=\"https:\/\/kipta.org\/wp-content\/uploads\/2024\/05\/behind-the-hijab.jpg\" class=\"attachment-full size-full\" alt=\"\" \/><\/a>\n\t<div class=\"jet-woo-product-img-overlay\"><\/div>\n\n\t\n\t<\/div><div class=\"jet-woo-product-title\"><a href=\"https:\/\/kipta.org\/en\/product\/behind-the-hijab\/\">Behind the hijab<\/a><\/div>\n<div class=\"jet-woo-product-button\">\n\t<a href=\"\/en\/wp-json\/wp\/v2\/pages\/2189?add-to-cart=2236\" data-quantity=\"1\" class=\"button product_type_simple add_to_cart_button ajax_add_to_cart\" data-product_id=\"2236\" data-product_sku=\"\" aria-label=\"Add to cart: &ldquo;Behind the hijab&rdquo;\" rel=\"nofollow\"><span class=\"button-text\">Add to cart<\/span><\/a>\t<span id=\"woocommerce_loop_add_to_cart_link_describedby_2236\" class=\"screen-reader-text\">\n\t\t\t<\/span>\n<\/div>\n<div class=\"jet-woo-products-cqw-wrapper\">\n\t<\/div>\t<\/div>\n\n\t<\/div>\n<div class=\"jet-woo-products__item jet-woo-builder-product\" data-product-id=\"2237\">\n\t<div class=\"jet-woo-products__inner-box\"  >\n\t\t\n<div class=\"jet-woo-product-thumbnail\">\n\t\n\t<a href=\"https:\/\/kipta.org\/en\/product\/to-marry-isis-why-did-they-make-this-choice\/\"><img loading=\"lazy\" decoding=\"async\" width=\"1280\" height=\"720\" src=\"https:\/\/kipta.org\/wp-content\/uploads\/2024\/05\/to-marry-isis.jpg\" class=\"attachment-full size-full\" alt=\"\" \/><\/a>\n\t<div class=\"jet-woo-product-img-overlay\"><\/div>\n\n\t\n\t<\/div><div class=\"jet-woo-product-title\"><a href=\"https:\/\/kipta.org\/en\/product\/to-marry-isis-why-did-they-make-this-choice\/\">To Marry ISIS: Why Did They Make This Choice?<\/a><\/div>\n<div class=\"jet-woo-product-button\">\n\t<a href=\"\/en\/wp-json\/wp\/v2\/pages\/2189?add-to-cart=2237\" data-quantity=\"1\" class=\"button product_type_simple add_to_cart_button ajax_add_to_cart\" data-product_id=\"2237\" data-product_sku=\"\" aria-label=\"Add to cart: &ldquo;To Marry ISIS: Why Did They Make This Choice?&rdquo;\" rel=\"nofollow\"><span class=\"button-text\">Add to cart<\/span><\/a>\t<span id=\"woocommerce_loop_add_to_cart_link_describedby_2237\" class=\"screen-reader-text\">\n\t\t\t<\/span>\n<\/div>\n<div class=\"jet-woo-products-cqw-wrapper\">\n\t<\/div>\t<\/div>\n\n\t<\/div>\n<div class=\"jet-woo-products__item jet-woo-builder-product\" data-product-id=\"2238\">\n\t<div class=\"jet-woo-products__inner-box\"  >\n\t\t\n<div class=\"jet-woo-product-thumbnail\">\n\t\n\t<a href=\"https:\/\/kipta.org\/en\/product\/drawing-on-the-narratives-of-women-who-spent-their-lives-in-harems\/\"><img loading=\"lazy\" decoding=\"async\" width=\"1280\" height=\"720\" src=\"https:\/\/kipta.org\/wp-content\/uploads\/2024\/05\/narratives-of-women.jpg\" class=\"attachment-full size-full\" alt=\"\" \/><\/a>\n\t<div class=\"jet-woo-product-img-overlay\"><\/div>\n\n\t\n\t<\/div><div class=\"jet-woo-product-title\"><a href=\"https:\/\/kipta.org\/en\/product\/drawing-on-the-narratives-of-women-who-spent-their-lives-in-harems\/\">Narratives of women who spent their lives in harems<\/a><\/div>\n<div class=\"jet-woo-product-button\">\n\t<a href=\"\/en\/wp-json\/wp\/v2\/pages\/2189?add-to-cart=2238\" data-quantity=\"1\" class=\"button product_type_simple add_to_cart_button ajax_add_to_cart\" data-product_id=\"2238\" data-product_sku=\"\" aria-label=\"Add to cart: &ldquo;Narratives of women who spent their lives in harems&rdquo;\" rel=\"nofollow\"><span class=\"button-text\">Add to cart<\/span><\/a>\t<span id=\"woocommerce_loop_add_to_cart_link_describedby_2238\" class=\"screen-reader-text\">\n\t\t\t<\/span>\n<\/div>\n<div class=\"jet-woo-products-cqw-wrapper\">\n\t<\/div>\t<\/div>\n\n\t<\/div>\n<div class=\"jet-woo-products__item jet-woo-builder-product\" data-product-id=\"2239\">\n\t<div class=\"jet-woo-products__inner-box\"  >\n\t\t\n<div class=\"jet-woo-product-thumbnail\">\n\t\n\t<a href=\"https:\/\/kipta.org\/en\/product\/psychoanalytic-experience-of-1001-nights\/\"><img loading=\"lazy\" decoding=\"async\" width=\"1280\" height=\"720\" src=\"https:\/\/kipta.org\/wp-content\/uploads\/2024\/05\/psychoanalytic-experience-of-1001-nights.jpg\" class=\"attachment-full size-full\" alt=\"\" \/><\/a>\n\t<div class=\"jet-woo-product-img-overlay\"><\/div>\n\n\t\n\t<\/div><div class=\"jet-woo-product-title\"><a href=\"https:\/\/kipta.org\/en\/product\/psychoanalytic-experience-of-1001-nights\/\">Psychoanalytic experience of 1001 nights<\/a><\/div>\n<div class=\"jet-woo-product-button\">\n\t<a href=\"\/en\/wp-json\/wp\/v2\/pages\/2189?add-to-cart=2239\" data-quantity=\"1\" class=\"button product_type_simple add_to_cart_button ajax_add_to_cart\" data-product_id=\"2239\" data-product_sku=\"\" aria-label=\"Add to cart: &ldquo;Psychoanalytic experience of 1001 nights&rdquo;\" rel=\"nofollow\"><span class=\"button-text\">Add to cart<\/span><\/a>\t<span id=\"woocommerce_loop_add_to_cart_link_describedby_2239\" class=\"screen-reader-text\">\n\t\t\t<\/span>\n<\/div>\n<div class=\"jet-woo-products-cqw-wrapper\">\n\t<\/div>\t<\/div>\n\n\t<\/div><\/div>\n<\/div>\t\t\t\t<\/div>\n\t\t\t\t<\/div>\n\t\t\t\t\t<\/div>\n\t\t<\/div>\n\t\t\t\t\t<\/div>\n\t\t<\/section>\n\t\t\t\t<\/div>\n\t\t","protected":false},"excerpt":{"rendered":"<p>Video courses Clinica del terrorismo: discorso del psicopatico o perversione del fanatismo collettivo? \u0414\u043e\u0434\u0430\u0442\u0438 \u0432 \u043a\u043e\u0448\u0438\u043a Sessualit\u00e0 del mondo arabo \u0414\u043e\u0434\u0430\u0442\u0438 \u0432 \u043a\u043e\u0448\u0438\u043a Est: societ\u00e0 dei tab\u00f9, societ\u00e0 dell&#8217;incesto \u0414\u043e\u0434\u0430\u0442\u0438 \u0432 \u043a\u043e\u0448\u0438\u043a Il Sguardo sotto l&#8217;hijab \u0414\u043e\u0434\u0430\u0442\u0438 \u0432 \u043a\u043e\u0448\u0438\u043a Sposarsi con l&#8217;ISIS: perch\u00e9 hanno fatto questa scelta? \u0414\u043e\u0434\u0430\u0442\u0438 \u0432 \u043a\u043e\u0448\u0438\u043a Dalle storie di pazienti che [&hellip;]<\/p>\n","protected":false},"author":1,"featured_media":0,"parent":0,"menu_order":0,"comment_status":"closed","ping_status":"closed","template":"elementor_header_footer","meta":{"_jet_sm_ready_style":"","_jet_sm_style":"","_jet_sm_controls_values":"","_jet_sm_fonts_collection":"","_jet_sm_fonts_links":"","footnotes":""},"class_list":["post-2189","page","type-page","status-publish","hentry"],"yoast_head":"<!-- This site is optimized with the Yoast SEO plugin v27.4 - https:\/\/yoast.com\/product\/yoast-seo-wordpress\/ -->\n<title>Video courses - \u041a\u041c\u0410\u041f\u041f<\/title>\n<meta name=\"robots\" content=\"index, follow, max-snippet:-1, max-image-preview:large, max-video-preview:-1\" \/>\n<link rel=\"canonical\" href=\"https:\/\/kipta.org\/en\/video-courses\/\" \/>\n<meta property=\"og:locale\" content=\"en_US\" \/>\n<meta property=\"og:type\" content=\"article\" \/>\n<meta property=\"og:title\" content=\"Video courses - \u041a\u041c\u0410\u041f\u041f\" \/>\n<meta property=\"og:description\" content=\"Video courses Clinica del terrorismo: discorso del psicopatico o perversione del fanatismo collettivo? \u0414\u043e\u0434\u0430\u0442\u0438 \u0432 \u043a\u043e\u0448\u0438\u043a Sessualit\u00e0 del mondo arabo \u0414\u043e\u0434\u0430\u0442\u0438 \u0432 \u043a\u043e\u0448\u0438\u043a Est: societ\u00e0 dei tab\u00f9, societ\u00e0 dell&#8217;incesto \u0414\u043e\u0434\u0430\u0442\u0438 \u0432 \u043a\u043e\u0448\u0438\u043a Il Sguardo sotto l&#8217;hijab \u0414\u043e\u0434\u0430\u0442\u0438 \u0432 \u043a\u043e\u0448\u0438\u043a Sposarsi con l&#8217;ISIS: perch\u00e9 hanno fatto questa scelta? \u0414\u043e\u0434\u0430\u0442\u0438 \u0432 \u043a\u043e\u0448\u0438\u043a Dalle storie di pazienti che [&hellip;]\" \/>\n<meta property=\"og:url\" content=\"https:\/\/kipta.org\/en\/video-courses\/\" \/>\n<meta property=\"og:site_name\" content=\"\u041a\u041c\u0410\u041f\u041f\" \/>\n<meta property=\"article:publisher\" content=\"https:\/\/www.facebook.com\/psychoanalystyanakorobko\" \/>\n<meta property=\"article:modified_time\" content=\"2024-07-20T14:17:39+00:00\" \/>\n<meta property=\"og:image\" content=\"https:\/\/kipta.org\/wp-content\/uploads\/2024\/07\/clinic-of-terrorism.webp\" \/>\n<meta name=\"twitter:card\" content=\"summary_large_image\" \/>\n<script type=\"application\/ld+json\" class=\"yoast-schema-graph\">{\"@context\":\"https:\\\/\\\/schema.org\",\"@graph\":[{\"@type\":\"WebPage\",\"@id\":\"https:\\\/\\\/kipta.org\\\/en\\\/video-courses\\\/\",\"url\":\"https:\\\/\\\/kipta.org\\\/en\\\/video-courses\\\/\",\"name\":\"Video courses - \u041a\u041c\u0410\u041f\u041f\",\"isPartOf\":{\"@id\":\"https:\\\/\\\/kipta.org\\\/en\\\/#website\"},\"primaryImageOfPage\":{\"@id\":\"https:\\\/\\\/kipta.org\\\/en\\\/video-courses\\\/#primaryimage\"},\"image\":{\"@id\":\"https:\\\/\\\/kipta.org\\\/en\\\/video-courses\\\/#primaryimage\"},\"thumbnailUrl\":\"https:\\\/\\\/kipta.org\\\/wp-content\\\/uploads\\\/2024\\\/07\\\/clinic-of-terrorism.webp\",\"datePublished\":\"2024-04-22T10:59:30+00:00\",\"dateModified\":\"2024-07-20T14:17:39+00:00\",\"breadcrumb\":{\"@id\":\"https:\\\/\\\/kipta.org\\\/en\\\/video-courses\\\/#breadcrumb\"},\"inLanguage\":\"en-US\",\"potentialAction\":[{\"@type\":\"ReadAction\",\"target\":[\"https:\\\/\\\/kipta.org\\\/en\\\/video-courses\\\/\"]}]},{\"@type\":\"ImageObject\",\"inLanguage\":\"en-US\",\"@id\":\"https:\\\/\\\/kipta.org\\\/en\\\/video-courses\\\/#primaryimage\",\"url\":\"https:\\\/\\\/kipta.org\\\/wp-content\\\/uploads\\\/2024\\\/07\\\/clinic-of-terrorism.webp\",\"contentUrl\":\"https:\\\/\\\/kipta.org\\\/wp-content\\\/uploads\\\/2024\\\/07\\\/clinic-of-terrorism.webp\"},{\"@type\":\"BreadcrumbList\",\"@id\":\"https:\\\/\\\/kipta.org\\\/en\\\/video-courses\\\/#breadcrumb\",\"itemListElement\":[{\"@type\":\"ListItem\",\"position\":1,\"name\":\"\u0413\u043e\u043b\u043e\u0432\u043d\u0430\",\"item\":\"https:\\\/\\\/kipta.org\\\/en\\\/\"},{\"@type\":\"ListItem\",\"position\":2,\"name\":\"Video courses\"}]},{\"@type\":\"WebSite\",\"@id\":\"https:\\\/\\\/kipta.org\\\/en\\\/#website\",\"url\":\"https:\\\/\\\/kipta.org\\\/en\\\/\",\"name\":\"KIPTA\",\"description\":\"\u041a\u0418\u0407\u0412\u0421\u042c\u041a\u0410 \u041c\u0406\u0416\u041d\u0410\u0420\u041e\u0414\u041d\u0410 \u0410\u041a\u0410\u0414\u0415\u041c\u0406\u042f \u041f\u0406\u0414\u0413\u041e\u0422\u041e\u0412\u041a\u0418 \u041f\u0421\u0418\u0425\u041e\u0410\u041d\u0410\u041b\u0406\u0422\u0418\u041a\u0406\u0412\",\"publisher\":{\"@id\":\"https:\\\/\\\/kipta.org\\\/en\\\/#organization\"},\"alternateName\":\"\u041a\u041c\u0410\u041f\u041f\",\"potentialAction\":[{\"@type\":\"SearchAction\",\"target\":{\"@type\":\"EntryPoint\",\"urlTemplate\":\"https:\\\/\\\/kipta.org\\\/en\\\/?s={search_term_string}\"},\"query-input\":{\"@type\":\"PropertyValueSpecification\",\"valueRequired\":true,\"valueName\":\"search_term_string\"}}],\"inLanguage\":\"en-US\"},{\"@type\":\"Organization\",\"@id\":\"https:\\\/\\\/kipta.org\\\/en\\\/#organization\",\"name\":\"\u041a\u041c\u0410\u041f\u041f\",\"url\":\"https:\\\/\\\/kipta.org\\\/en\\\/\",\"logo\":{\"@type\":\"ImageObject\",\"inLanguage\":\"en-US\",\"@id\":\"https:\\\/\\\/kipta.org\\\/en\\\/#\\\/schema\\\/logo\\\/image\\\/\",\"url\":\"https:\\\/\\\/kipta.org\\\/wp-content\\\/uploads\\\/2024\\\/05\\\/logo_en-1.png\",\"contentUrl\":\"https:\\\/\\\/kipta.org\\\/wp-content\\\/uploads\\\/2024\\\/05\\\/logo_en-1.png\",\"width\":512,\"height\":512,\"caption\":\"\u041a\u041c\u0410\u041f\u041f\"},\"image\":{\"@id\":\"https:\\\/\\\/kipta.org\\\/en\\\/#\\\/schema\\\/logo\\\/image\\\/\"},\"sameAs\":[\"https:\\\/\\\/www.facebook.com\\\/psychoanalystyanakorobko\"]}]}<\/script>\n<!-- \/ Yoast SEO plugin. -->","yoast_head_json":{"title":"Video courses - \u041a\u041c\u0410\u041f\u041f","robots":{"index":"index","follow":"follow","max-snippet":"max-snippet:-1","max-image-preview":"max-image-preview:large","max-video-preview":"max-video-preview:-1"},"canonical":"https:\/\/kipta.org\/en\/video-courses\/","og_locale":"en_US","og_type":"article","og_title":"Video courses - \u041a\u041c\u0410\u041f\u041f","og_description":"Video courses Clinica del terrorismo: discorso del psicopatico o perversione del fanatismo collettivo? \u0414\u043e\u0434\u0430\u0442\u0438 \u0432 \u043a\u043e\u0448\u0438\u043a Sessualit\u00e0 del mondo arabo \u0414\u043e\u0434\u0430\u0442\u0438 \u0432 \u043a\u043e\u0448\u0438\u043a Est: societ\u00e0 dei tab\u00f9, societ\u00e0 dell&#8217;incesto \u0414\u043e\u0434\u0430\u0442\u0438 \u0432 \u043a\u043e\u0448\u0438\u043a Il Sguardo sotto l&#8217;hijab \u0414\u043e\u0434\u0430\u0442\u0438 \u0432 \u043a\u043e\u0448\u0438\u043a Sposarsi con l&#8217;ISIS: perch\u00e9 hanno fatto questa scelta? \u0414\u043e\u0434\u0430\u0442\u0438 \u0432 \u043a\u043e\u0448\u0438\u043a Dalle storie di pazienti che [&hellip;]","og_url":"https:\/\/kipta.org\/en\/video-courses\/","og_site_name":"\u041a\u041c\u0410\u041f\u041f","article_publisher":"https:\/\/www.facebook.com\/psychoanalystyanakorobko","article_modified_time":"2024-07-20T14:17:39+00:00","og_image":[{"url":"https:\/\/kipta.org\/wp-content\/uploads\/2024\/07\/clinic-of-terrorism.webp","type":"","width":"","height":""}],"twitter_card":"summary_large_image","schema":{"@context":"https:\/\/schema.org","@graph":[{"@type":"WebPage","@id":"https:\/\/kipta.org\/en\/video-courses\/","url":"https:\/\/kipta.org\/en\/video-courses\/","name":"Video courses - \u041a\u041c\u0410\u041f\u041f","isPartOf":{"@id":"https:\/\/kipta.org\/en\/#website"},"primaryImageOfPage":{"@id":"https:\/\/kipta.org\/en\/video-courses\/#primaryimage"},"image":{"@id":"https:\/\/kipta.org\/en\/video-courses\/#primaryimage"},"thumbnailUrl":"https:\/\/kipta.org\/wp-content\/uploads\/2024\/07\/clinic-of-terrorism.webp","datePublished":"2024-04-22T10:59:30+00:00","dateModified":"2024-07-20T14:17:39+00:00","breadcrumb":{"@id":"https:\/\/kipta.org\/en\/video-courses\/#breadcrumb"},"inLanguage":"en-US","potentialAction":[{"@type":"ReadAction","target":["https:\/\/kipta.org\/en\/video-courses\/"]}]},{"@type":"ImageObject","inLanguage":"en-US","@id":"https:\/\/kipta.org\/en\/video-courses\/#primaryimage","url":"https:\/\/kipta.org\/wp-content\/uploads\/2024\/07\/clinic-of-terrorism.webp","contentUrl":"https:\/\/kipta.org\/wp-content\/uploads\/2024\/07\/clinic-of-terrorism.webp"},{"@type":"BreadcrumbList","@id":"https:\/\/kipta.org\/en\/video-courses\/#breadcrumb","itemListElement":[{"@type":"ListItem","position":1,"name":"\u0413\u043e\u043b\u043e\u0432\u043d\u0430","item":"https:\/\/kipta.org\/en\/"},{"@type":"ListItem","position":2,"name":"Video courses"}]},{"@type":"WebSite","@id":"https:\/\/kipta.org\/en\/#website","url":"https:\/\/kipta.org\/en\/","name":"KIPTA","description":"\u041a\u0418\u0407\u0412\u0421\u042c\u041a\u0410 \u041c\u0406\u0416\u041d\u0410\u0420\u041e\u0414\u041d\u0410 \u0410\u041a\u0410\u0414\u0415\u041c\u0406\u042f \u041f\u0406\u0414\u0413\u041e\u0422\u041e\u0412\u041a\u0418 \u041f\u0421\u0418\u0425\u041e\u0410\u041d\u0410\u041b\u0406\u0422\u0418\u041a\u0406\u0412","publisher":{"@id":"https:\/\/kipta.org\/en\/#organization"},"alternateName":"\u041a\u041c\u0410\u041f\u041f","potentialAction":[{"@type":"SearchAction","target":{"@type":"EntryPoint","urlTemplate":"https:\/\/kipta.org\/en\/?s={search_term_string}"},"query-input":{"@type":"PropertyValueSpecification","valueRequired":true,"valueName":"search_term_string"}}],"inLanguage":"en-US"},{"@type":"Organization","@id":"https:\/\/kipta.org\/en\/#organization","name":"\u041a\u041c\u0410\u041f\u041f","url":"https:\/\/kipta.org\/en\/","logo":{"@type":"ImageObject","inLanguage":"en-US","@id":"https:\/\/kipta.org\/en\/#\/schema\/logo\/image\/","url":"https:\/\/kipta.org\/wp-content\/uploads\/2024\/05\/logo_en-1.png","contentUrl":"https:\/\/kipta.org\/wp-content\/uploads\/2024\/05\/logo_en-1.png","width":512,"height":512,"caption":"\u041a\u041c\u0410\u041f\u041f"},"image":{"@id":"https:\/\/kipta.org\/en\/#\/schema\/logo\/image\/"},"sameAs":["https:\/\/www.facebook.com\/psychoanalystyanakorobko"]}]}},"_links":{"self":[{"href":"https:\/\/kipta.org\/en\/wp-json\/wp\/v2\/pages\/2189","targetHints":{"allow":["GET"]}}],"collection":[{"href":"https:\/\/kipta.org\/en\/wp-json\/wp\/v2\/pages"}],"about":[{"href":"https:\/\/kipta.org\/en\/wp-json\/wp\/v2\/types\/page"}],"author":[{"embeddable":true,"href":"https:\/\/kipta.org\/en\/wp-json\/wp\/v2\/users\/1"}],"replies":[{"embeddable":true,"href":"https:\/\/kipta.org\/en\/wp-json\/wp\/v2\/comments?post=2189"}],"version-history":[{"count":10,"href":"https:\/\/kipta.org\/en\/wp-json\/wp\/v2\/pages\/2189\/revisions"}],"predecessor-version":[{"id":4385,"href":"https:\/\/kipta.org\/en\/wp-json\/wp\/v2\/pages\/2189\/revisions\/4385"}],"wp:attachment":[{"href":"https:\/\/kipta.org\/en\/wp-json\/wp\/v2\/media?parent=2189"}],"curies":[{"name":"wp","href":"https:\/\/api.w.org\/{rel}","templated":true}]}}